 {"id":54759,"date":"2022-09-13T13:05:09","date_gmt":"2022-09-13T11:05:09","guid":{"rendered":"https:\/\/www.comoditahome.com\/al\/?post_type=product&#038;p=54759"},"modified":"2026-04-09T11:54:56","modified_gmt":"2026-04-09T09:54:56","slug":"set-carcafesh-adeliza-per-nje-person","status":"publish","type":"product","link":"https:\/\/www.comoditahome.com\/al\/product\/set-carcafesh-adeliza-per-nje-person\/","title":{"rendered":"Set \u00e7ar\u00e7af\u00ebsh Adeliza p\u00ebr nj\u00eb person"},"content":{"rendered":"","protected":false},"excerpt":{"rendered":"<p>Seti i \u00e7ar\u00e7af\u00ebve Spring Nature Adeliza p\u00ebr nj\u00eb person, p\u00ebrmes dizajnit autentik, prezanton frym\u00ebn e nj\u00eb stilimi p\u00ebrplot\u00eb me eleganc\u00eb q\u00eb personifikohet me pranver\u00ebn e lul\u00ebzuar. I gjith\u00eb dizajni i k\u00ebtij seti, sjell kombinimin artistik t\u00eb dy ngjyrave me pikturime lulesh tejet t\u00eb bukura. Ky set \u00e7ar\u00e7af\u00ebsh ju mund\u00ebson ambient higjenik larg alergjive dhe bakterieve.<br \/>\n<strong>Dimensioni \/ Kompozicioni:<\/strong> Set me 3 pjes\u00eb: 1x k\u00ebll\u00ebf jorgani 160x220cm, 1x \u00e7ar\u00e7af i dyshekut 160x240cm, 1x k\u00ebll\u00ebf jast\u00ebku 50x70cm<br \/>\n<strong>NGJYRA:<\/strong> Me dizajn<br \/>\n<strong>MATERIALI:<\/strong> 100% Pambuk<br \/>\n<strong>UDH\u00cbZIMET E P\u00cbRDORIMIT:<\/strong> N\u00eb makin\u00eb lar\u00ebse 30\u00b0C<br \/>\n<strong>KUSHTET E KTHIMIT \/ GARANCION:<\/strong>\u00a0P\u00ebr shkak t\u00eb kontaktit me higjien\u00eb personale, p\u00ebr produktet e tekstilit nuk pranohen kthime apo reklamacione.<\/p>\n<p><span style=\"color: #ffffff\">3907489380173<\/span><\/p>\n","protected":false},"featured_media":54760,"template":"","meta":[],"product_cat":[51,52],"product_tag":[],"_links":{"self":[{"href":"https:\/\/www.comoditahome.com\/al\/wp-json\/wp\/v2\/product\/54759"}],"collection":[{"href":"https:\/\/www.comoditahome.com\/al\/wp-json\/wp\/v2\/product"}],"about":[{"href":"https:\/\/www.comoditahome.com\/al\/wp-json\/wp\/v2\/types\/product"}],"version-history":[{"count":1,"href":"https:\/\/www.comoditahome.com\/al\/wp-json\/wp\/v2\/product\/54759\/revisions"}],"predecessor-version":[{"id":54765,"href":"https:\/\/www.comoditahome.com\/al\/wp-json\/wp\/v2\/product\/54759\/revisions\/54765"}],"wp:featuredmedia":[{"embeddable":true,"href":"https:\/\/www.comoditahome.com\/al\/wp-json\/wp\/v2\/media\/54760"}],"wp:attachment":[{"href":"https:\/\/www.comoditahome.com\/al\/wp-json\/wp\/v2\/media?parent=54759"}],"wp:term":[{"taxonomy":"product_cat","embeddable":true,"href":"https:\/\/www.comoditahome.com\/al\/wp-json\/wp\/v2\/product_cat?post=54759"},{"taxonomy":"product_tag","embeddable":true,"href":"https:\/\/www.comoditahome.com\/al\/wp-json\/wp\/v2\/product_tag?post=54759"}],"curies":[{"name":"wp","href":"https:\/\/api.w.org\/{rel}","templated":true}]}}