 {"id":54797,"date":"2022-09-13T13:32:21","date_gmt":"2022-09-13T11:32:21","guid":{"rendered":"https:\/\/www.comoditahome.com\/al\/?post_type=product&#038;p=54797"},"modified":"2026-03-02T09:11:37","modified_gmt":"2026-03-02T07:11:37","slug":"llambe-tavoline-3","status":"publish","type":"product","link":"https:\/\/www.comoditahome.com\/al\/product\/llambe-tavoline-3\/","title":{"rendered":"Llamb\u00eb tavoline"},"content":{"rendered":"","protected":false},"excerpt":{"rendered":"<div class=\"woocommerce-product-details__short-description\">\n<div class=\"woocommerce-product-details__short-description\">\n<p>Llamba vjen e punuar me nj\u00eb material kualitativ dhe dizajn tejet modern. Baza e saj form\u00ebsohet nga nj\u00eb skulptur\u00eb e Luanit, nd\u00ebrsa pjesa e sip\u00ebrme ka mekanizmin e llamb\u00ebs q\u00eb l\u00ebshon drit\u00eb t\u00eb k\u00ebndshme. Kjo llamb\u00eb shkon mjaft\u00eb bukur n\u00eb ambiente t\u00eb err\u00ebta por edhe n\u00eb ato me plot\u00eb drit\u00eb. Ajo \u00ebsht\u00eb e p\u00ebrshtatshme p\u00ebr \u00e7far\u00ebdo ambienti, duke plot\u00ebsuar dhom\u00ebn apo zyr\u00ebn tuaj.<br \/>\n<strong>Dimensioni \/ Kompozicioni:<\/strong> 31x31x63CM<br \/>\n<strong>NGJYRA:<\/strong> E zez\u00eb, ari<br \/>\n<strong>MATERIALI:<\/strong> Qeramik\u00eb, elektrik\u00eb, bez\u00eb<br \/>\n<strong>UDH\u00cbZIMET E P\u00cbRDORIMIT:<\/strong>\u00a0T\u00eb pastrohet me dor\u00eb<br \/>\n<strong>KUSHTET E KTHIMIT \/ GARANCION:<\/strong> P\u00ebr k\u00ebt\u00eb produkt pranohet reklamacion brenda 24 or\u00ebve pasi t\u00eb pranoni porosin\u00eb.<br \/>\n<span style=\"color: #ffffff;\">3907489360373<\/span><\/p>\n<\/div>\n<\/div>\n","protected":false},"featured_media":54798,"template":"","meta":[],"product_cat":[49,51,77],"product_tag":[],"_links":{"self":[{"href":"https:\/\/www.comoditahome.com\/al\/wp-json\/wp\/v2\/product\/54797"}],"collection":[{"href":"https:\/\/www.comoditahome.com\/al\/wp-json\/wp\/v2\/product"}],"about":[{"href":"https:\/\/www.comoditahome.com\/al\/wp-json\/wp\/v2\/types\/product"}],"version-history":[{"count":0,"href":"https:\/\/www.comoditahome.com\/al\/wp-json\/wp\/v2\/product\/54797\/revisions"}],"wp:featuredmedia":[{"embeddable":true,"href":"https:\/\/www.comoditahome.com\/al\/wp-json\/wp\/v2\/media\/54798"}],"wp:attachment":[{"href":"https:\/\/www.comoditahome.com\/al\/wp-json\/wp\/v2\/media?parent=54797"}],"wp:term":[{"taxonomy":"product_cat","embeddable":true,"href":"https:\/\/www.comoditahome.com\/al\/wp-json\/wp\/v2\/product_cat?post=54797"},{"taxonomy":"product_tag","embeddable":true,"href":"https:\/\/www.comoditahome.com\/al\/wp-json\/wp\/v2\/product_tag?post=54797"}],"curies":[{"name":"wp","href":"https:\/\/api.w.org\/{rel}","templated":true}]}}