 {"id":54841,"date":"2022-09-13T13:46:33","date_gmt":"2022-09-13T11:46:33","guid":{"rendered":"https:\/\/www.comoditahome.com\/al\/?post_type=product&#038;p=54841"},"modified":"2026-03-02T09:11:37","modified_gmt":"2026-03-02T07:11:37","slug":"statuje-dekorative","status":"publish","type":"product","link":"https:\/\/www.comoditahome.com\/al\/product\/statuje-dekorative\/","title":{"rendered":"Statuj\u00eb dekorative"},"content":{"rendered":"","protected":false},"excerpt":{"rendered":"<div class=\"woocommerce-product-details__short-description\">\n<div class=\"woocommerce-product-details__short-description\">\n<div class=\"woocommerce-product-details__short-description\">\n<p>S\u00eb shpejti\u2026<br \/>\n<strong>Dimensioni \/ Kompozicioni:<\/strong> 18x25x31CM<br \/>\n<strong>NGJYRA:<\/strong> S\u00eb shpejti\u2026<br \/>\n<strong>MATERIALI:<\/strong> S\u00eb shpejti\u2026<br \/>\n<strong>UDH\u00cbZIMET E P\u00cbRDORIMIT:<\/strong>\u00a0T\u00eb pastrohet me dor\u00eb<br \/>\n<strong>KUSHTET E KTHIMIT \/ GARANCION:<\/strong> P\u00ebr k\u00ebt\u00eb produkt pranohet reklamacion brenda 24 or\u00ebve pasi t\u00eb pranoni porosin\u00eb.<br \/>\n<span style=\"color: #ffffff;\">3907489360458<\/span><\/p>\n<\/div>\n<\/div>\n<\/div>\n","protected":false},"featured_media":54842,"template":"","meta":[],"product_cat":[49,51,77],"product_tag":[],"_links":{"self":[{"href":"https:\/\/www.comoditahome.com\/al\/wp-json\/wp\/v2\/product\/54841"}],"collection":[{"href":"https:\/\/www.comoditahome.com\/al\/wp-json\/wp\/v2\/product"}],"about":[{"href":"https:\/\/www.comoditahome.com\/al\/wp-json\/wp\/v2\/types\/product"}],"version-history":[{"count":1,"href":"https:\/\/www.comoditahome.com\/al\/wp-json\/wp\/v2\/product\/54841\/revisions"}],"predecessor-version":[{"id":55398,"href":"https:\/\/www.comoditahome.com\/al\/wp-json\/wp\/v2\/product\/54841\/revisions\/55398"}],"wp:featuredmedia":[{"embeddable":true,"href":"https:\/\/www.comoditahome.com\/al\/wp-json\/wp\/v2\/media\/54842"}],"wp:attachment":[{"href":"https:\/\/www.comoditahome.com\/al\/wp-json\/wp\/v2\/media?parent=54841"}],"wp:term":[{"taxonomy":"product_cat","embeddable":true,"href":"https:\/\/www.comoditahome.com\/al\/wp-json\/wp\/v2\/product_cat?post=54841"},{"taxonomy":"product_tag","embeddable":true,"href":"https:\/\/www.comoditahome.com\/al\/wp-json\/wp\/v2\/product_tag?post=54841"}],"curies":[{"name":"wp","href":"https:\/\/api.w.org\/{rel}","templated":true}]}}