 {"id":55220,"date":"2022-09-29T10:42:27","date_gmt":"2022-09-29T08:42:27","guid":{"rendered":"https:\/\/www.comoditahome.com\/al\/?post_type=product&#038;p=55220"},"modified":"2026-05-07T09:34:15","modified_gmt":"2026-05-07T07:34:15","slug":"peshqir-andorra","status":"publish","type":"product","link":"https:\/\/www.comoditahome.com\/al\/product\/peshqir-andorra\/","title":{"rendered":"Peshqir Andorra"},"content":{"rendered":"","protected":false},"excerpt":{"rendered":"<p>Peshqiri Andorra \u00ebsht\u00eb n\u00eb madh\u00ebsin\u00eb e p\u00ebrshtatshme p\u00ebr t\u00eb pastruar duart. Vjen n\u00eb model klasik, me nj\u00eb tekstu vijash interesante. Materiali prej pambuku e ndihmon k\u00ebt\u00eb produkt q\u00eb t\u2019i jep aft\u00ebsi t\u00eb jet\u00ebgjat\u00ebsis\u00eb dhe t\u00eb paloset leht\u00ebsisht n\u00eb raftet e banjos suaj.<br \/>\n<strong>Dimensioni \/ Kompozicioni:<\/strong>\u00a050x90cm<br \/>\n<strong>NGJYRA:<\/strong>\u00a0Vjollc\u00eb, Bezh, Mint, e kremt\u00eb dhe e bardh\u00eb n\u00eb nuanc\u00eb hiri<br \/>\n<strong>MATERIALI:<\/strong> 50% Pambuk 50% P\u00eblhur\u00eb liri<br \/>\n<strong>UDH\u00cbZIMET E P\u00cbRDORIMIT:<\/strong> N\u00eb makin\u00eb lar\u00ebse 30\u00b0C<br \/>\n<strong>KUSHTET E KTHIMIT \/ GARANCION:<\/strong>\u00a0P\u00ebr shkak t\u00eb kontaktit me higjien\u00eb personale, p\u00ebr produktet e tekstilit nuk pranohen kthime apo reklamacione.<\/p>\n<p>&nbsp;<\/p>\n<p><span style=\"color: #ffffff;\">3907489120885 3907489120830 3907489120786 3907489120816 3907489120861\u00a03907489120915 3907489120823 3907489120878 3907489120922 3907489120809 3907489120854 3907489120908<\/span><\/p>\n","protected":false},"featured_media":55221,"template":"","meta":[],"product_cat":[97,101],"product_tag":[],"_links":{"self":[{"href":"https:\/\/www.comoditahome.com\/al\/wp-json\/wp\/v2\/product\/55220"}],"collection":[{"href":"https:\/\/www.comoditahome.com\/al\/wp-json\/wp\/v2\/product"}],"about":[{"href":"https:\/\/www.comoditahome.com\/al\/wp-json\/wp\/v2\/types\/product"}],"version-history":[{"count":1,"href":"https:\/\/www.comoditahome.com\/al\/wp-json\/wp\/v2\/product\/55220\/revisions"}],"predecessor-version":[{"id":55225,"href":"https:\/\/www.comoditahome.com\/al\/wp-json\/wp\/v2\/product\/55220\/revisions\/55225"}],"wp:featuredmedia":[{"embeddable":true,"href":"https:\/\/www.comoditahome.com\/al\/wp-json\/wp\/v2\/media\/55221"}],"wp:attachment":[{"href":"https:\/\/www.comoditahome.com\/al\/wp-json\/wp\/v2\/media?parent=55220"}],"wp:term":[{"taxonomy":"product_cat","embeddable":true,"href":"https:\/\/www.comoditahome.com\/al\/wp-json\/wp\/v2\/product_cat?post=55220"},{"taxonomy":"product_tag","embeddable":true,"href":"https:\/\/www.comoditahome.com\/al\/wp-json\/wp\/v2\/product_tag?post=55220"}],"curies":[{"name":"wp","href":"https:\/\/api.w.org\/{rel}","templated":true}]}}