 {"id":55238,"date":"2022-09-29T10:54:41","date_gmt":"2022-09-29T08:54:41","guid":{"rendered":"https:\/\/www.comoditahome.com\/al\/?post_type=product&#038;p=55238"},"modified":"2026-05-07T09:34:15","modified_gmt":"2026-05-07T07:34:15","slug":"peshqir-diora","status":"publish","type":"product","link":"https:\/\/www.comoditahome.com\/al\/product\/peshqir-diora\/","title":{"rendered":"Peshqir Diora"},"content":{"rendered":"","protected":false},"excerpt":{"rendered":"<p>Peshqiri Diora \u00ebsht\u00eb n\u00eb madh\u00ebsin\u00eb e p\u00ebrshtatshme p\u00ebr t\u00eb pastruar duart. Vjen n\u00eb model klasik, me nj\u00eb hap\u00ebsir\u00eb t\u00eb stampuar me pika p\u00ebr t\u2019i dh\u00ebn\u00eb stil t\u00ebr\u00eb modelit. Materiali prej pambuku e ndihmon k\u00ebt\u00eb produkt q\u00eb t\u2019i jep aft\u00ebsi t\u00eb jet\u00ebgjat\u00ebsis\u00eb dhe t\u00eb paloset leht\u00ebsisht n\u00eb raftet e banjos suaj.<br \/>\n<strong>Dimensioni \/ Kompozicioni:<\/strong> 50x90cm \/ 70&#215;140 cm \/ 90&#215;150 cm<br \/>\n<strong>NGJYRA:<\/strong> Gri<br \/>\n<strong>MATERIALI:<\/strong> 100% Pambuk<br \/>\n<strong>UDH\u00cbZIMET E P\u00cbRDORIMIT:<\/strong>\u00a0N\u00eb makin\u00eb lar\u00ebse 30\u00b0C<br \/>\n<strong>KUSHTET E KTHIMIT \/ GARANCION:<\/strong>\u00a0P\u00ebr shkak t\u00eb kontaktit me higjien\u00eb personale, p\u00ebr produktet e tekstilit nuk pranohen kthime apo reklamacione.<\/p>\n<p>&nbsp;<\/p>\n<p><span style=\"color: #ffffff;\">3907489120953 3907489121004\u00a0<strong>3907489260086<\/strong><\/span><\/p>\n","protected":false},"featured_media":55242,"template":"","meta":[],"product_cat":[199,97,101],"product_tag":[],"_links":{"self":[{"href":"https:\/\/www.comoditahome.com\/al\/wp-json\/wp\/v2\/product\/55238"}],"collection":[{"href":"https:\/\/www.comoditahome.com\/al\/wp-json\/wp\/v2\/product"}],"about":[{"href":"https:\/\/www.comoditahome.com\/al\/wp-json\/wp\/v2\/types\/product"}],"version-history":[{"count":2,"href":"https:\/\/www.comoditahome.com\/al\/wp-json\/wp\/v2\/product\/55238\/revisions"}],"predecessor-version":[{"id":71955,"href":"https:\/\/www.comoditahome.com\/al\/wp-json\/wp\/v2\/product\/55238\/revisions\/71955"}],"wp:featuredmedia":[{"embeddable":true,"href":"https:\/\/www.comoditahome.com\/al\/wp-json\/wp\/v2\/media\/55242"}],"wp:attachment":[{"href":"https:\/\/www.comoditahome.com\/al\/wp-json\/wp\/v2\/media?parent=55238"}],"wp:term":[{"taxonomy":"product_cat","embeddable":true,"href":"https:\/\/www.comoditahome.com\/al\/wp-json\/wp\/v2\/product_cat?post=55238"},{"taxonomy":"product_tag","embeddable":true,"href":"https:\/\/www.comoditahome.com\/al\/wp-json\/wp\/v2\/product_tag?post=55238"}],"curies":[{"name":"wp","href":"https:\/\/api.w.org\/{rel}","templated":true}]}}