 {"id":55442,"date":"2022-10-17T09:57:02","date_gmt":"2022-10-17T07:57:02","guid":{"rendered":"https:\/\/www.comoditahome.com\/al\/?post_type=product&#038;p=55442"},"modified":"2026-04-23T09:00:25","modified_gmt":"2026-04-23T07:00:25","slug":"protektor-shtrati-comodita-60x120cm","status":"publish","type":"product","link":"https:\/\/www.comoditahome.com\/al\/product\/protektor-shtrati-comodita-60x120cm\/","title":{"rendered":"Protektor shtrati Comodita 60x120cm"},"content":{"rendered":"","protected":false},"excerpt":{"rendered":"<p>Mbrojeni dyshekun nga d\u00ebmtimet dhe papast\u00ebrtit\u00eb me protektorin e shtratit nga Comodita. Ky protektor sh\u00ebrben p\u00ebr mb\u00ebshtjelljen e dyshekut, p\u00ebrmes materialit t\u00eb but\u00eb dhe me fibra, mund\u00ebson gjum\u00eb t\u00eb qet\u00eb dhe t\u00eb rehatsh\u00ebm.<br \/>\n<strong>Dimensioni \/ Kompozicioni:<\/strong> 60x120cm<br \/>\n<strong>NGJYRA<\/strong>: E bardh\u00eb<br \/>\n<strong>MATERIALI:<\/strong> 100% Pambuk<br \/>\n<strong>UDH\u00cbZIMET E P\u00cbRDORIMIT:<\/strong> N\u00eb makin\u00eb lar\u00ebse 30\u00b0C<br \/>\n<strong>KUSHTET E KTHIMIT \/ GARANCION:<\/strong> P\u00ebr shkak t\u00eb kontaktit me higjien\u00eb personale, p\u00ebr produktet e tekstilit nuk pranohen kthime apo reklamacione.N: P\u00ebr shkak t\u00eb kontaktit me higjien\u00eb personale, p\u00ebr produktet e tekstilit nuk pranohen kthime apo reklamacione.<\/p>\n<p><span style=\"color: #ffffff;\">3907489160515<\/span><\/p>\n","protected":false},"featured_media":85562,"template":"","meta":[],"product_cat":[51,86],"product_tag":[],"_links":{"self":[{"href":"https:\/\/www.comoditahome.com\/al\/wp-json\/wp\/v2\/product\/55442"}],"collection":[{"href":"https:\/\/www.comoditahome.com\/al\/wp-json\/wp\/v2\/product"}],"about":[{"href":"https:\/\/www.comoditahome.com\/al\/wp-json\/wp\/v2\/types\/product"}],"version-history":[{"count":1,"href":"https:\/\/www.comoditahome.com\/al\/wp-json\/wp\/v2\/product\/55442\/revisions"}],"predecessor-version":[{"id":85568,"href":"https:\/\/www.comoditahome.com\/al\/wp-json\/wp\/v2\/product\/55442\/revisions\/85568"}],"wp:featuredmedia":[{"embeddable":true,"href":"https:\/\/www.comoditahome.com\/al\/wp-json\/wp\/v2\/media\/85562"}],"wp:attachment":[{"href":"https:\/\/www.comoditahome.com\/al\/wp-json\/wp\/v2\/media?parent=55442"}],"wp:term":[{"taxonomy":"product_cat","embeddable":true,"href":"https:\/\/www.comoditahome.com\/al\/wp-json\/wp\/v2\/product_cat?post=55442"},{"taxonomy":"product_tag","embeddable":true,"href":"https:\/\/www.comoditahome.com\/al\/wp-json\/wp\/v2\/product_tag?post=55442"}],"curies":[{"name":"wp","href":"https:\/\/api.w.org\/{rel}","templated":true}]}}