 {"id":55443,"date":"2022-10-17T10:02:36","date_gmt":"2022-10-17T08:02:36","guid":{"rendered":"https:\/\/www.comoditahome.com\/al\/?post_type=product&#038;p=55443"},"modified":"2026-04-23T09:00:25","modified_gmt":"2026-04-23T07:00:25","slug":"set-pjatash-amelia","status":"publish","type":"product","link":"https:\/\/www.comoditahome.com\/al\/product\/set-pjatash-amelia\/","title":{"rendered":"Set pjatash Amelia"},"content":{"rendered":"","protected":false},"excerpt":{"rendered":"<div class=\"woocommerce-product-details__short-description\">\n<p>Seti i pjatave Amelia vjen me pjatat n\u00eb ngjyrat pastele dhe pikturimet m\u00eb t\u00eb bukura t\u00eb luleve. T\u00eb punuara nga materiali jasht\u00ebzakonisht i fort\u00eb dhe shum\u00eb t\u00eb q\u00ebndruesh\u00ebm, k\u00ebto en\u00eb, pas nj\u00eb gjuajtje aksidentale, kan\u00eb mund\u00ebsi t\u00eb plasaritjes ose thyerjes shum\u00eb m\u00eb t\u00eb vog\u00ebl n\u00eb krahasim me en\u00ebt nga Porcelani. Ky set \u00ebsht\u00eb i punuar n\u00eb dizajn madh\u00ebshtor q\u00eb prezantohet n\u00eb secil\u00ebn pjes\u00eb t\u00eb tij, \u00ebsht\u00eb jasht\u00ebzakonisht praktik n\u00eb pastrim dhe i p\u00ebrshtatsh\u00ebm p\u00ebr 12 persona. Servoni tryez\u00ebn tuaj me setin e pjatave Kelebek, dhe hijeshoni ushqimet tuaja n\u00eb n\u00eb nj\u00eb stil shum\u00eb glamuroz.<\/p>\n<p><strong>Dimensioni \/ Kompozicioni:<\/strong>\u00a0Seti ka 89 pjes\u00eb: 12x pjata p\u00ebr ngr\u00ebnie, 12x pjata p\u00ebr sup\u00eb, 12x pjata t\u00eb vogla, 12x pjata t\u00eb thella t\u00eb vogla, 6x filxhana t\u00eb \u00e7ajit, 6x pjata t\u00eb vogla t\u00eb \u00e7ajit, 6x filxhana t\u00eb kafes, 6x pjata t\u00eb vogla t\u00eb kafes, 1x pjat\u00eb e thell\u00eb,1x pjat\u00eb e madhe ovale, 2x pjata t\u00eb vogla ovale, 1x \u00c7ajnik me kapak 2 pjes\u00ebsh, En\u00eb sheqeri me kapak 2pjes\u00ebsh, 1x Ibrik p\u00ebr qum\u00ebsht ose krem, 1 En\u00eb p\u00ebr salc\u00eb me kapak 2 pjes\u00ebshe, 1x en\u00eb p\u00ebr sup\u00eb me kapak 2pjes\u00ebshe, 1x set me kripore 2 pjes\u00ebshe.<\/p>\n<p><strong>NGJYRA:<\/strong>\u00a0Me dizajn<\/p>\n<p><strong>MATERIALI:<\/strong>\u00a0Bone Porcelan<\/p>\n<p><strong>UDH\u00cbZIMET E P\u00cbRDORIMIT:<\/strong>\u00a0T\u00eb pastrohet me dor\u00eb<\/p>\n<p><strong>KUSHTET E KTHIMIT \/ GARANCION:<\/strong>\u00a0P\u00ebr k\u00ebt\u00eb produkt pranohet reklamacion brenda 24 or\u00ebve pasi t\u00eb pranoni porosin\u00eb.<br \/>\n<span style=\"color: #ffffff;\">3907489180513<\/span><\/p>\n<\/div>\n","protected":false},"featured_media":55444,"template":"","meta":[],"product_cat":[63,57],"product_tag":[],"_links":{"self":[{"href":"https:\/\/www.comoditahome.com\/al\/wp-json\/wp\/v2\/product\/55443"}],"collection":[{"href":"https:\/\/www.comoditahome.com\/al\/wp-json\/wp\/v2\/product"}],"about":[{"href":"https:\/\/www.comoditahome.com\/al\/wp-json\/wp\/v2\/types\/product"}],"version-history":[{"count":0,"href":"https:\/\/www.comoditahome.com\/al\/wp-json\/wp\/v2\/product\/55443\/revisions"}],"wp:featuredmedia":[{"embeddable":true,"href":"https:\/\/www.comoditahome.com\/al\/wp-json\/wp\/v2\/media\/55444"}],"wp:attachment":[{"href":"https:\/\/www.comoditahome.com\/al\/wp-json\/wp\/v2\/media?parent=55443"}],"wp:term":[{"taxonomy":"product_cat","embeddable":true,"href":"https:\/\/www.comoditahome.com\/al\/wp-json\/wp\/v2\/product_cat?post=55443"},{"taxonomy":"product_tag","embeddable":true,"href":"https:\/\/www.comoditahome.com\/al\/wp-json\/wp\/v2\/product_tag?post=55443"}],"curies":[{"name":"wp","href":"https:\/\/api.w.org\/{rel}","templated":true}]}}