 {"id":55477,"date":"2022-10-17T10:11:47","date_gmt":"2022-10-17T08:11:47","guid":{"rendered":"https:\/\/www.comoditahome.com\/al\/?post_type=product&#038;p=55477"},"modified":"2026-04-23T09:00:26","modified_gmt":"2026-04-23T07:00:26","slug":"pjate-servimi-ne-forme-zemre-bamboo-2","status":"publish","type":"product","link":"https:\/\/www.comoditahome.com\/al\/product\/pjate-servimi-ne-forme-zemre-bamboo-2\/","title":{"rendered":"Pjat\u00eb servimi n\u00eb form\u00eb zemre Bamboo"},"content":{"rendered":"","protected":false},"excerpt":{"rendered":"<div class=\"woocommerce-product-details__short-description\">\n<p>Set i en\u00ebve t\u00eb servimit nga linja Bamboo \u00ebsht\u00eb dizajnuar n\u00eb 3 pjes\u00eb, me en\u00eb t\u00eb porcelanit dhe drurit me form\u00eb t\u00eb zemr\u00ebs. En\u00ebt dhe mbajt\u00ebsja mund t\u00eb p\u00ebrdoren edhe veqmas setit. P\u00ebrdorni setin ekologjik p\u00ebr nj\u00eb jetes\u00eb m\u00eb t\u00eb sh\u00ebndetshme dhe servim m\u00eb praktik.<\/p>\n<p><strong>Dimensioni \/ Kompozicioni:<\/strong>Set me 3 pjes\u00eb<\/p>\n<p><strong>NGJYRA:<\/strong> E bardh\u00eb dhe dru<\/p>\n<p><strong>MATERIALI:<\/strong> Dru dhe porcelan<\/p>\n<p><strong>UDH\u00cbZIMET E P\u00cbRDORIMIT:<\/strong> T\u00eb pastrohet me Dor\u00eb<\/p>\n<p><strong>KUSHTET E KTHIMIT \/ GARANCION:<\/strong> P\u00ebr k\u00ebt\u00eb produkt pranohet reklamacion brenda 24 or\u00ebve pasi t\u00eb pranoni porosin\u00eb.<br \/>\n<span style=\"color: #ffffff;\">5310233001275<\/span><\/p>\n<\/div>\n","protected":false},"featured_media":55478,"template":"","meta":[],"product_cat":[58,57],"product_tag":[],"_links":{"self":[{"href":"https:\/\/www.comoditahome.com\/al\/wp-json\/wp\/v2\/product\/55477"}],"collection":[{"href":"https:\/\/www.comoditahome.com\/al\/wp-json\/wp\/v2\/product"}],"about":[{"href":"https:\/\/www.comoditahome.com\/al\/wp-json\/wp\/v2\/types\/product"}],"version-history":[{"count":0,"href":"https:\/\/www.comoditahome.com\/al\/wp-json\/wp\/v2\/product\/55477\/revisions"}],"wp:featuredmedia":[{"embeddable":true,"href":"https:\/\/www.comoditahome.com\/al\/wp-json\/wp\/v2\/media\/55478"}],"wp:attachment":[{"href":"https:\/\/www.comoditahome.com\/al\/wp-json\/wp\/v2\/media?parent=55477"}],"wp:term":[{"taxonomy":"product_cat","embeddable":true,"href":"https:\/\/www.comoditahome.com\/al\/wp-json\/wp\/v2\/product_cat?post=55477"},{"taxonomy":"product_tag","embeddable":true,"href":"https:\/\/www.comoditahome.com\/al\/wp-json\/wp\/v2\/product_tag?post=55477"}],"curies":[{"name":"wp","href":"https:\/\/api.w.org\/{rel}","templated":true}]}}