 {"id":55483,"date":"2022-10-17T10:14:07","date_gmt":"2022-10-17T08:14:07","guid":{"rendered":"https:\/\/www.comoditahome.com\/al\/?post_type=product&#038;p=55483"},"modified":"2026-04-23T09:00:26","modified_gmt":"2026-04-23T07:00:26","slug":"set-pjatash-per-embelsire-mist","status":"publish","type":"product","link":"https:\/\/www.comoditahome.com\/al\/product\/set-pjatash-per-embelsire-mist\/","title":{"rendered":"Set pjatash p\u00ebr \u00ebmb\u00eblsir\u00eb Mist"},"content":{"rendered":"","protected":false},"excerpt":{"rendered":"<div class=\"woocommerce-product-details__short-description\">\n<p>Seti i pjatave t\u00eb desertit Blue&amp;Black Misk, vjen n\u00eb form\u00eb t\u00eb rrumbullak\u00ebt dhe t\u00eb kufizuara me nj\u00eb dizajn fantastik. K\u00ebto pjata t\u00eb rrafsh\u00ebta dallohen nga pikturimi i inspiruar prej ngjyrave t\u00eb bukura dhe me forma artistike.<\/p>\n<p><strong>Dimensioni \/ Kompozicioni:<\/strong> 20cm, seti ka 6 cop\u00eb<\/p>\n<p><strong>NGJYRA:<\/strong> Me dizajn<\/p>\n<p><strong>MATERIALI:<\/strong> Porcelan<\/p>\n<p><strong>UDH\u00cbZIMET E P\u00cbRDORIMIT:<\/strong>\u00a0T\u00eb pastrohet me dor\u00eb<\/p>\n<p><strong>KUSHTET E KTHIMIT \/ GARANCION:<\/strong> P\u00ebr k\u00ebt\u00eb produkt pranohet reklamacion brenda 24 or\u00ebve pasi t\u00eb pranoni porosin\u00eb.<br \/>\n<span style=\"color: #ffffff;\">5310233003828<\/span><\/p>\n<\/div>\n","protected":false},"featured_media":55484,"template":"","meta":[],"product_cat":[199,55,63,57],"product_tag":[],"_links":{"self":[{"href":"https:\/\/www.comoditahome.com\/al\/wp-json\/wp\/v2\/product\/55483"}],"collection":[{"href":"https:\/\/www.comoditahome.com\/al\/wp-json\/wp\/v2\/product"}],"about":[{"href":"https:\/\/www.comoditahome.com\/al\/wp-json\/wp\/v2\/types\/product"}],"version-history":[{"count":1,"href":"https:\/\/www.comoditahome.com\/al\/wp-json\/wp\/v2\/product\/55483\/revisions"}],"predecessor-version":[{"id":71957,"href":"https:\/\/www.comoditahome.com\/al\/wp-json\/wp\/v2\/product\/55483\/revisions\/71957"}],"wp:featuredmedia":[{"embeddable":true,"href":"https:\/\/www.comoditahome.com\/al\/wp-json\/wp\/v2\/media\/55484"}],"wp:attachment":[{"href":"https:\/\/www.comoditahome.com\/al\/wp-json\/wp\/v2\/media?parent=55483"}],"wp:term":[{"taxonomy":"product_cat","embeddable":true,"href":"https:\/\/www.comoditahome.com\/al\/wp-json\/wp\/v2\/product_cat?post=55483"},{"taxonomy":"product_tag","embeddable":true,"href":"https:\/\/www.comoditahome.com\/al\/wp-json\/wp\/v2\/product_tag?post=55483"}],"curies":[{"name":"wp","href":"https:\/\/api.w.org\/{rel}","templated":true}]}}