 {"id":55489,"date":"2022-10-17T10:15:45","date_gmt":"2022-10-17T08:15:45","guid":{"rendered":"https:\/\/www.comoditahome.com\/al\/?post_type=product&#038;p=55489"},"modified":"2026-05-07T09:34:16","modified_gmt":"2026-05-07T07:34:16","slug":"aromatizues-charm-2","status":"publish","type":"product","link":"https:\/\/www.comoditahome.com\/al\/product\/aromatizues-charm-2\/","title":{"rendered":"Aromatizues Charm"},"content":{"rendered":"","protected":false},"excerpt":{"rendered":"<p>Aromatizuesi Charm \u00ebsht\u00eb i p\u00ebrkryer p\u00ebr krijimin e nj\u00eb ambienti t\u00eb k\u00ebndsh\u00ebm n\u00eb sht\u00ebpi q\u00eb d\u00ebfton arom\u00ebm e mir\u00eb. P\u00ebr nj\u00eb p\u00ebrdorim sa m\u00eb efikas, ndryshoni an\u00ebn e shkopinj\u00ebve. Vjen n\u00eb paketim t\u00eb p\u00ebrshtatsh\u00ebm edhe p\u00ebr dhurat\u00eb.<br \/>\n<strong>Dimensioni \/ Kompozicioni:<\/strong> 50ml<br \/>\n<strong>NGJYRA:<\/strong> Transparente<br \/>\n<strong>MATERIALI:<\/strong> Plastik\u00eb dhe xham<br \/>\n<strong>UDH\u00cbZIMET E P\u00cbRDORIMIT:<\/strong> T\u00eb pastrohet me pastruese pluhuri<br \/>\n<strong>KUSHTET E KTHIMIT \/ GARANCION:<\/strong> P\u00ebr k\u00ebt\u00eb produkt pranohet reklamacion brenda 24 or\u00ebve pasi t\u00eb pranoni porosin\u00eb.<br \/>\n<span style=\"color: #ffffff;\">5310233004917<\/span><\/p>\n","protected":false},"featured_media":55490,"template":"","meta":[],"product_cat":[75,49,51],"product_tag":[],"_links":{"self":[{"href":"https:\/\/www.comoditahome.com\/al\/wp-json\/wp\/v2\/product\/55489"}],"collection":[{"href":"https:\/\/www.comoditahome.com\/al\/wp-json\/wp\/v2\/product"}],"about":[{"href":"https:\/\/www.comoditahome.com\/al\/wp-json\/wp\/v2\/types\/product"}],"version-history":[{"count":0,"href":"https:\/\/www.comoditahome.com\/al\/wp-json\/wp\/v2\/product\/55489\/revisions"}],"wp:featuredmedia":[{"embeddable":true,"href":"https:\/\/www.comoditahome.com\/al\/wp-json\/wp\/v2\/media\/55490"}],"wp:attachment":[{"href":"https:\/\/www.comoditahome.com\/al\/wp-json\/wp\/v2\/media?parent=55489"}],"wp:term":[{"taxonomy":"product_cat","embeddable":true,"href":"https:\/\/www.comoditahome.com\/al\/wp-json\/wp\/v2\/product_cat?post=55489"},{"taxonomy":"product_tag","embeddable":true,"href":"https:\/\/www.comoditahome.com\/al\/wp-json\/wp\/v2\/product_tag?post=55489"}],"curies":[{"name":"wp","href":"https:\/\/api.w.org\/{rel}","templated":true}]}}