 {"id":55495,"date":"2022-10-17T10:17:11","date_gmt":"2022-10-17T08:17:11","guid":{"rendered":"https:\/\/www.comoditahome.com\/al\/?post_type=product&#038;p=55495"},"modified":"2026-03-02T09:11:38","modified_gmt":"2026-03-02T07:11:38","slug":"tabak-sherbimi-bambuco-3","status":"publish","type":"product","link":"https:\/\/www.comoditahome.com\/al\/product\/tabak-sherbimi-bambuco-3\/","title":{"rendered":"Tabak sh\u00ebrbimi Bambuco"},"content":{"rendered":"","protected":false},"excerpt":{"rendered":"<div class=\"woocommerce-product-details__short-description\">\n<p>Tabak sh\u00ebrbimi nga linja Bamboo. Me dizajn minimalist dhe vjen i p\u00ebrb\u00ebr\u00eb i gjithi me material t\u00eb drurit te bambus, dru i cili \u00ebsht\u00eb rezistent ndaj lag\u00ebshtis\u00eb dhe ka nj\u00eb pamje t\u00eb ngroht\u00eb. Sh\u00ebrbeni m\u00eb t\u00eb dashurit tuaj me eleganc\u00eb<\/p>\n<p><strong>Dimensioni \/ Kompozicioni:<\/strong> 40\u00d728.5CM<\/p>\n<p><strong>NGJYRA:<\/strong> Kafe<\/p>\n<p><strong>MATERIALI:<\/strong> Dru bambu<\/p>\n<p><strong>UDH\u00cbZIMET E P\u00cbRDORIMIT:<\/strong>\u00a0T\u00eb pastrohet me dor\u00eb<\/p>\n<p><strong>KUSHTET E KTHIMIT \/ GARANCION:<\/strong> P\u00ebr k\u00ebt\u00eb produkt pranohet reklamacion brenda 24 or\u00ebve pasi t\u00eb pranoni porosin\u00eb.<br \/>\n<span style=\"color: #ffffff;\">5310233006232<\/span><\/p>\n<\/div>\n","protected":false},"featured_media":55496,"template":"","meta":[],"product_cat":[55,60,57],"product_tag":[],"_links":{"self":[{"href":"https:\/\/www.comoditahome.com\/al\/wp-json\/wp\/v2\/product\/55495"}],"collection":[{"href":"https:\/\/www.comoditahome.com\/al\/wp-json\/wp\/v2\/product"}],"about":[{"href":"https:\/\/www.comoditahome.com\/al\/wp-json\/wp\/v2\/types\/product"}],"version-history":[{"count":0,"href":"https:\/\/www.comoditahome.com\/al\/wp-json\/wp\/v2\/product\/55495\/revisions"}],"wp:featuredmedia":[{"embeddable":true,"href":"https:\/\/www.comoditahome.com\/al\/wp-json\/wp\/v2\/media\/55496"}],"wp:attachment":[{"href":"https:\/\/www.comoditahome.com\/al\/wp-json\/wp\/v2\/media?parent=55495"}],"wp:term":[{"taxonomy":"product_cat","embeddable":true,"href":"https:\/\/www.comoditahome.com\/al\/wp-json\/wp\/v2\/product_cat?post=55495"},{"taxonomy":"product_tag","embeddable":true,"href":"https:\/\/www.comoditahome.com\/al\/wp-json\/wp\/v2\/product_tag?post=55495"}],"curies":[{"name":"wp","href":"https:\/\/api.w.org\/{rel}","templated":true}]}}