 {"id":55501,"date":"2022-10-17T10:19:26","date_gmt":"2022-10-17T08:19:26","guid":{"rendered":"https:\/\/www.comoditahome.com\/al\/?post_type=product&#038;p=55501"},"modified":"2026-04-09T11:54:58","modified_gmt":"2026-04-09T09:54:58","slug":"kanister-new-life","status":"publish","type":"product","link":"https:\/\/www.comoditahome.com\/al\/product\/kanister-new-life\/","title":{"rendered":"Kanister New Life"},"content":{"rendered":"","protected":false},"excerpt":{"rendered":"<div class=\"woocommerce-product-details__short-description\">\n<p>P\u00ebr t\u00eb evituar rr\u00ebmuj\u00ebn n\u00eb kuzhin\u00eb, organizoni er\u00ebzat dhe ushqimet e im\u00ebta n\u00eb kanister\u00ebt me kualitet tejet t\u00eb lart\u00eb dhe t\u00eb p\u00ebrshtatsh\u00ebm p\u00ebr \u00e7do kuzhin\u00eb!<\/p>\n<p><strong>Dimensioni \/ Kompozicioni:<\/strong> 11x20cm\/me kapak\u00eb<\/p>\n<p><strong>NGJYRA:<\/strong> Me dizajn<\/p>\n<p><strong>MATERIALI:<\/strong> Dru dhe porcelan<\/p>\n<p><strong>UDH\u00cbZIMET E P\u00cbRDORIMIT:<\/strong> T\u00eb pastrohet me Dor\u00eb<\/p>\n<p><strong>KUSHTET E KTHIMIT \/ GARANCION:<\/strong> P\u00ebr k\u00ebt\u00eb produkt pranohet reklamacion brenda 24 or\u00ebve pasi t\u00eb pranoni porosin\u00eb.<br \/>\n<span style=\"color: #ffffff;\">5310233010161<\/span><\/p>\n<\/div>\n","protected":false},"featured_media":55502,"template":"","meta":[],"product_cat":[151,55],"product_tag":[],"_links":{"self":[{"href":"https:\/\/www.comoditahome.com\/al\/wp-json\/wp\/v2\/product\/55501"}],"collection":[{"href":"https:\/\/www.comoditahome.com\/al\/wp-json\/wp\/v2\/product"}],"about":[{"href":"https:\/\/www.comoditahome.com\/al\/wp-json\/wp\/v2\/types\/product"}],"version-history":[{"count":0,"href":"https:\/\/www.comoditahome.com\/al\/wp-json\/wp\/v2\/product\/55501\/revisions"}],"wp:featuredmedia":[{"embeddable":true,"href":"https:\/\/www.comoditahome.com\/al\/wp-json\/wp\/v2\/media\/55502"}],"wp:attachment":[{"href":"https:\/\/www.comoditahome.com\/al\/wp-json\/wp\/v2\/media?parent=55501"}],"wp:term":[{"taxonomy":"product_cat","embeddable":true,"href":"https:\/\/www.comoditahome.com\/al\/wp-json\/wp\/v2\/product_cat?post=55501"},{"taxonomy":"product_tag","embeddable":true,"href":"https:\/\/www.comoditahome.com\/al\/wp-json\/wp\/v2\/product_tag?post=55501"}],"curies":[{"name":"wp","href":"https:\/\/api.w.org\/{rel}","templated":true}]}}