 {"id":55512,"date":"2024-10-17T10:22:09","date_gmt":"2024-10-17T08:22:09","guid":{"rendered":"https:\/\/www.comoditahome.com\/al\/?post_type=product&#038;p=55512"},"modified":"2026-03-02T09:11:38","modified_gmt":"2026-03-02T07:11:38","slug":"set-gotash-per-martini-elite","status":"publish","type":"product","link":"https:\/\/www.comoditahome.com\/al\/product\/set-gotash-per-martini-elite\/","title":{"rendered":"Set gotash p\u00ebr Martini Elite"},"content":{"rendered":"","protected":false},"excerpt":{"rendered":"<p><strong>Dimensioni \/ Kompozicioni:<\/strong> Seti ka 6 gota me v\u00ebllim 150ml.<\/p>\n<p><strong>NGJYRA:<\/strong> Transparente<\/p>\n<p><strong>MATERIALI:<\/strong> Xham<\/p>\n<p><strong>UDH\u00cbZIMET E P\u00cbRDORIMIT:<\/strong> T\u00eb pastrohet me Dor\u00eb<\/p>\n<p><strong>KUSHTET E KTHIMIT \/ GARANCION:<\/strong> P\u00ebr k\u00ebt\u00eb produkt pranohet reklamacion brenda 24 or\u00ebve pasi t\u00eb pranoni porosin\u00eb.<br \/>\n<span style=\"color: #ffffff;\">5900345786230<\/span><\/p>\n","protected":false},"featured_media":55513,"template":"","meta":[],"product_cat":[95,57],"product_tag":[],"_links":{"self":[{"href":"https:\/\/www.comoditahome.com\/al\/wp-json\/wp\/v2\/product\/55512"}],"collection":[{"href":"https:\/\/www.comoditahome.com\/al\/wp-json\/wp\/v2\/product"}],"about":[{"href":"https:\/\/www.comoditahome.com\/al\/wp-json\/wp\/v2\/types\/product"}],"version-history":[{"count":1,"href":"https:\/\/www.comoditahome.com\/al\/wp-json\/wp\/v2\/product\/55512\/revisions"}],"predecessor-version":[{"id":81916,"href":"https:\/\/www.comoditahome.com\/al\/wp-json\/wp\/v2\/product\/55512\/revisions\/81916"}],"wp:featuredmedia":[{"embeddable":true,"href":"https:\/\/www.comoditahome.com\/al\/wp-json\/wp\/v2\/media\/55513"}],"wp:attachment":[{"href":"https:\/\/www.comoditahome.com\/al\/wp-json\/wp\/v2\/media?parent=55512"}],"wp:term":[{"taxonomy":"product_cat","embeddable":true,"href":"https:\/\/www.comoditahome.com\/al\/wp-json\/wp\/v2\/product_cat?post=55512"},{"taxonomy":"product_tag","embeddable":true,"href":"https:\/\/www.comoditahome.com\/al\/wp-json\/wp\/v2\/product_tag?post=55512"}],"curies":[{"name":"wp","href":"https:\/\/api.w.org\/{rel}","templated":true}]}}