 {"id":55517,"date":"2022-10-17T10:22:34","date_gmt":"2022-10-17T08:22:34","guid":{"rendered":"https:\/\/www.comoditahome.com\/al\/?post_type=product&#038;p=55517"},"modified":"2026-04-23T09:00:26","modified_gmt":"2026-04-23T07:00:26","slug":"set-gotash-per-vere-elite","status":"publish","type":"product","link":"https:\/\/www.comoditahome.com\/al\/product\/set-gotash-per-vere-elite\/","title":{"rendered":"Set gotash per ver\u00eb Elite"},"content":{"rendered":"","protected":false},"excerpt":{"rendered":"<div class=\"woocommerce-product-details__short-description\">\n<p>Seti i gotave t\u00eb ver\u00ebs nga linja Elite, \u00ebsht\u00eb dizajnuar si model p\u00ebrplot\u00eb me eleganc\u00eb, i p\u00ebrkryer p\u00ebr servimin e pijeve gjat\u00eb ndonj\u00eb feste apo momenti special. Forma e tyre e gjer\u00eb, me vij\u00eb t\u00eb gjat\u00eb dhe p\u00ebrfundim t\u00eb l\u00ebmuar, i b\u00ebn\u00eb q\u00eb ky set t\u00eb mos i mungoj asnj\u00ebher\u00eb tavolin\u00ebs suaj festive.<\/p>\n<p><strong>Dimensioni \/ Kompozicioni:<\/strong> Seti ka 6 gota me v\u00ebllim 240ml.<\/p>\n<p><strong>NGJYRA:<\/strong> Transparente<\/p>\n<p><strong>MATERIALI:<\/strong> Xham<\/p>\n<p><strong>UDH\u00cbZIMET E P\u00cbRDORIMIT:<\/strong> T\u00eb pastrohet me Dor\u00eb<\/p>\n<p><strong>KUSHTET E KTHIMIT \/ GARANCION:<\/strong> P\u00ebr k\u00ebt\u00eb produkt pranohet reklamacion brenda 24 or\u00ebve pasi t\u00eb pranoni porosin\u00eb.<br \/>\n<span style=\"color: #ffffff;\">5900345790169<\/span><\/p>\n<\/div>\n","protected":false},"featured_media":55518,"template":"","meta":[],"product_cat":[95,57],"product_tag":[],"_links":{"self":[{"href":"https:\/\/www.comoditahome.com\/al\/wp-json\/wp\/v2\/product\/55517"}],"collection":[{"href":"https:\/\/www.comoditahome.com\/al\/wp-json\/wp\/v2\/product"}],"about":[{"href":"https:\/\/www.comoditahome.com\/al\/wp-json\/wp\/v2\/types\/product"}],"version-history":[{"count":1,"href":"https:\/\/www.comoditahome.com\/al\/wp-json\/wp\/v2\/product\/55517\/revisions"}],"predecessor-version":[{"id":85704,"href":"https:\/\/www.comoditahome.com\/al\/wp-json\/wp\/v2\/product\/55517\/revisions\/85704"}],"wp:featuredmedia":[{"embeddable":true,"href":"https:\/\/www.comoditahome.com\/al\/wp-json\/wp\/v2\/media\/55518"}],"wp:attachment":[{"href":"https:\/\/www.comoditahome.com\/al\/wp-json\/wp\/v2\/media?parent=55517"}],"wp:term":[{"taxonomy":"product_cat","embeddable":true,"href":"https:\/\/www.comoditahome.com\/al\/wp-json\/wp\/v2\/product_cat?post=55517"},{"taxonomy":"product_tag","embeddable":true,"href":"https:\/\/www.comoditahome.com\/al\/wp-json\/wp\/v2\/product_tag?post=55517"}],"curies":[{"name":"wp","href":"https:\/\/api.w.org\/{rel}","templated":true}]}}