 {"id":55523,"date":"2022-10-17T10:25:35","date_gmt":"2022-10-17T08:25:35","guid":{"rendered":"https:\/\/www.comoditahome.com\/al\/?post_type=product&#038;p=55523"},"modified":"2026-04-23T09:00:27","modified_gmt":"2026-04-23T07:00:27","slug":"tigan-per-krepa","status":"publish","type":"product","link":"https:\/\/www.comoditahome.com\/al\/product\/tigan-per-krepa\/","title":{"rendered":"Tigan p\u00ebr krepa"},"content":{"rendered":"","protected":false},"excerpt":{"rendered":"<div class=\"woocommerce-product-details__short-description\">\n<p>Tigani Naturalmente \u00ebsht\u00eb i p\u00ebrkryer p\u00ebr p\u00ebrgaditjen e krepave. Ky tigan \u00ebsht\u00eb i cil\u00ebsis\u00eb s\u00eb lart\u00eb dhe i dizajnuar n\u00eb baz\u00eb t\u00eb teknologjis\u00eb s\u00eb fundit me cil\u00ebsi t\u00eb pakrahasueshme. Baza mbrojt\u00ebse e tij e b\u00ebn rezistent ndaj ngjitjes s\u00eb krepave, por edhe g\u00ebrryerjes s\u00eb tiganit.<\/p>\n<p><strong>Dimensioni \/ Kompozicioni:<\/strong> 22CM<\/p>\n<p><strong>NGJYRA:<\/strong> I zi<\/p>\n<p><strong>MATERIALI:<\/strong> Gur\u00eb<\/p>\n<p><strong>UDH\u00cbZIMET E P\u00cbRDORIMIT:<\/strong> T\u00eb pastrohet me dor\u00eb<\/p>\n<p><strong>KUSHTET E KTHIMIT \/ GARANCION:<\/strong> P\u00ebr k\u00ebt\u00eb produkt pranohet reklamacion brenda 24 or\u00ebve pasi t\u00eb pranoni porosin\u00eb.<br \/>\n<span style=\"color: #ffffff;\">8003703163838<\/span><\/p>\n<\/div>\n","protected":false},"featured_media":55524,"template":"","meta":[],"product_cat":[56,55],"product_tag":[],"_links":{"self":[{"href":"https:\/\/www.comoditahome.com\/al\/wp-json\/wp\/v2\/product\/55523"}],"collection":[{"href":"https:\/\/www.comoditahome.com\/al\/wp-json\/wp\/v2\/product"}],"about":[{"href":"https:\/\/www.comoditahome.com\/al\/wp-json\/wp\/v2\/types\/product"}],"version-history":[{"count":0,"href":"https:\/\/www.comoditahome.com\/al\/wp-json\/wp\/v2\/product\/55523\/revisions"}],"wp:featuredmedia":[{"embeddable":true,"href":"https:\/\/www.comoditahome.com\/al\/wp-json\/wp\/v2\/media\/55524"}],"wp:attachment":[{"href":"https:\/\/www.comoditahome.com\/al\/wp-json\/wp\/v2\/media?parent=55523"}],"wp:term":[{"taxonomy":"product_cat","embeddable":true,"href":"https:\/\/www.comoditahome.com\/al\/wp-json\/wp\/v2\/product_cat?post=55523"},{"taxonomy":"product_tag","embeddable":true,"href":"https:\/\/www.comoditahome.com\/al\/wp-json\/wp\/v2\/product_tag?post=55523"}],"curies":[{"name":"wp","href":"https:\/\/api.w.org\/{rel}","templated":true}]}}