 {"id":55529,"date":"2022-10-17T10:27:01","date_gmt":"2022-10-17T08:27:01","guid":{"rendered":"https:\/\/www.comoditahome.com\/al\/?post_type=product&#038;p=55529"},"modified":"2026-04-23T09:00:27","modified_gmt":"2026-04-23T07:00:27","slug":"xhezve-elektrike-kivam-3","status":"publish","type":"product","link":"https:\/\/www.comoditahome.com\/al\/product\/xhezve-elektrike-kivam-3\/","title":{"rendered":"Xhezve elektrike Kivam"},"content":{"rendered":"","protected":false},"excerpt":{"rendered":"<div class=\"woocommerce-product-details__short-description\">\n<p>Xhezvja elektrike Kivam p\u00ebrgatit\u00eb kafen turke shum\u00eb shpejt dhe me shum\u00eb shije. \u00cbsht\u00eb kompakte dhe mund t\u00eb t\u00ebrhiqet leht\u00ebsisht nga baza ngroh\u00ebse 360\u00b0 e t\u00eb p\u00ebrdoret pa kabllo gjat\u00eb servimit. Ka kapacitet t\u00eb b\u00ebj\u00eb deri n\u00eb 5 gota kafe n\u00eb t\u00eb njejt\u00ebn koh\u00eb, me 850W fuqi. Ka dorez\u00eb rezistente ndaj nxeht\u00ebsis\u00eb, dhe sistem t\u00eb siguris\u00eb kund\u00ebr nxehjes mbi normale apo ndaj munges\u00ebs s\u00eb ujit.<\/p>\n<p><strong>Dimensioni \/ Kompozicioni:<\/strong> 320ml, 850w<\/p>\n<p><strong>NGJYRA:<\/strong> E kuqe<\/p>\n<p><strong>MATERIALI:<\/strong> Elektrik\u00eb dhe metal<\/p>\n<p><strong>UDH\u00cbZIMET E P\u00cbRDORIMIT:<\/strong> T\u00eb pastrohet me Dor\u00eb<\/p>\n<p><strong>KUSHTET E KTHIMIT \/ GARANCION:<\/strong> P\u00ebr k\u00ebt\u00eb produkt pranohet reklamacion brenda 24 or\u00ebve pasi t\u00eb pranoni porosin\u00eb.<br \/>\n<span style=\"color: #ffffff;\">8698758824898<\/span><\/p>\n<\/div>\n","protected":false},"featured_media":55530,"template":"","meta":[],"product_cat":[55,64,57],"product_tag":[],"_links":{"self":[{"href":"https:\/\/www.comoditahome.com\/al\/wp-json\/wp\/v2\/product\/55529"}],"collection":[{"href":"https:\/\/www.comoditahome.com\/al\/wp-json\/wp\/v2\/product"}],"about":[{"href":"https:\/\/www.comoditahome.com\/al\/wp-json\/wp\/v2\/types\/product"}],"version-history":[{"count":1,"href":"https:\/\/www.comoditahome.com\/al\/wp-json\/wp\/v2\/product\/55529\/revisions"}],"predecessor-version":[{"id":72809,"href":"https:\/\/www.comoditahome.com\/al\/wp-json\/wp\/v2\/product\/55529\/revisions\/72809"}],"wp:featuredmedia":[{"embeddable":true,"href":"https:\/\/www.comoditahome.com\/al\/wp-json\/wp\/v2\/media\/55530"}],"wp:attachment":[{"href":"https:\/\/www.comoditahome.com\/al\/wp-json\/wp\/v2\/media?parent=55529"}],"wp:term":[{"taxonomy":"product_cat","embeddable":true,"href":"https:\/\/www.comoditahome.com\/al\/wp-json\/wp\/v2\/product_cat?post=55529"},{"taxonomy":"product_tag","embeddable":true,"href":"https:\/\/www.comoditahome.com\/al\/wp-json\/wp\/v2\/product_tag?post=55529"}],"curies":[{"name":"wp","href":"https:\/\/api.w.org\/{rel}","templated":true}]}}