 {"id":56049,"date":"2022-11-29T10:16:18","date_gmt":"2022-11-29T08:16:18","guid":{"rendered":"https:\/\/www.comoditahome.com\/al\/?post_type=product&#038;p=56049"},"modified":"2026-03-02T09:11:38","modified_gmt":"2026-03-02T07:11:38","slug":"tenxhere-eco-recy-2","status":"publish","type":"product","link":"https:\/\/www.comoditahome.com\/al\/product\/tenxhere-eco-recy-2\/","title":{"rendered":"Tenxhere Eco Recy"},"content":{"rendered":"","protected":false},"excerpt":{"rendered":"<div class=\"woocommerce-product-details__short-description\">\n<div class=\"woocommerce-product-details__short-description\">\n<p style=\"text-align: left;\">Tenxherja Eco Recy vjen n\u00eb form\u00eb t\u00eb rrumbullak\u00ebt me dy doreza ergonomike. Kjo tenxhere dallohet p\u00ebr kualitetin cil\u00ebsor q\u00eb ofron dhe nj\u00eb jet\u00ebgjat\u00ebsi t\u00eb k\u00ebnaqshme. Sip\u00ebrfaqja e saj baz\u00eb arrin\u00eb t\u00eb ngrohet shpejt, nd\u00ebrsa tenxherja \u00ebsht\u00eb rezistente ndaj g\u00ebrvishtjeve. Gjat\u00eb gatimit duhet t\u00eb p\u00ebrdoren vet\u00ebm lug\u00eb t\u00eb drurit. Tenxherja pastrohet leht\u00eb edhe n\u00eb pjatalar\u00ebse.<br \/>\n<strong>Dimensioni \/ Kompozicioni:<\/strong>\u00a020CM<\/p>\n<p style=\"text-align: left;\"><strong>NGJYRA:<\/strong> E zez\u00eb<\/p>\n<p style=\"text-align: left;\"><strong>MATERIALI:<\/strong> Ska info<\/p>\n<p style=\"text-align: left;\"><strong>UDH\u00cbZIMET E P\u00cbRDORIMIT:<\/strong>\u00a0T\u00eb pastrohet me dor\u00eb dhe n\u00eb en\u00eb lar\u00ebse<\/p>\n<p style=\"text-align: left;\"><strong>KUSHTET E KTHIMIT \/ GARANCION:<\/strong> P\u00ebr k\u00ebt\u00eb produkt pranohet reklamacion brenda 24 or\u00ebve pasi t\u00eb pranoni porosin\u00eb.<br \/>\n<span style=\"color: #ffffff;\">3907489380258<\/span><\/p>\n<\/div>\n<\/div>\n","protected":false},"featured_media":56038,"template":"","meta":[],"product_cat":[56,55],"product_tag":[],"_links":{"self":[{"href":"https:\/\/www.comoditahome.com\/al\/wp-json\/wp\/v2\/product\/56049"}],"collection":[{"href":"https:\/\/www.comoditahome.com\/al\/wp-json\/wp\/v2\/product"}],"about":[{"href":"https:\/\/www.comoditahome.com\/al\/wp-json\/wp\/v2\/types\/product"}],"version-history":[{"count":0,"href":"https:\/\/www.comoditahome.com\/al\/wp-json\/wp\/v2\/product\/56049\/revisions"}],"wp:featuredmedia":[{"embeddable":true,"href":"https:\/\/www.comoditahome.com\/al\/wp-json\/wp\/v2\/media\/56038"}],"wp:attachment":[{"href":"https:\/\/www.comoditahome.com\/al\/wp-json\/wp\/v2\/media?parent=56049"}],"wp:term":[{"taxonomy":"product_cat","embeddable":true,"href":"https:\/\/www.comoditahome.com\/al\/wp-json\/wp\/v2\/product_cat?post=56049"},{"taxonomy":"product_tag","embeddable":true,"href":"https:\/\/www.comoditahome.com\/al\/wp-json\/wp\/v2\/product_tag?post=56049"}],"curies":[{"name":"wp","href":"https:\/\/api.w.org\/{rel}","templated":true}]}}