 {"id":56063,"date":"2022-11-29T10:25:41","date_gmt":"2022-11-29T08:25:41","guid":{"rendered":"https:\/\/www.comoditahome.com\/al\/?post_type=product&#038;p=56063"},"modified":"2026-05-07T09:34:16","modified_gmt":"2026-05-07T07:34:16","slug":"pasqyre-muri-vintage","status":"publish","type":"product","link":"https:\/\/www.comoditahome.com\/al\/product\/pasqyre-muri-vintage\/","title":{"rendered":"Pasqyr\u00eb muri Vintage"},"content":{"rendered":"","protected":false},"excerpt":{"rendered":"<p style=\"text-align: left;\">Pasqyr\u00eb muri rrethore me dimensione 24CM dhe me ngjyr\u00eb ari. Shk\u00eblqimi, pamja speciale dhe forma e rrumbullak\u00ebt, lejojn\u00eb q\u00eb kjo pasqyr\u00eb t\u00eb jet\u00eb e p\u00ebrshtatshme p\u00ebr hap\u00ebsira t\u00eb vogla dhe t\u00eb m\u00ebdha, duke ofruar nj\u00eb reflektim kaq elegant.<br \/>\n<strong>Dimensioni \/ Kompozicioni:<\/strong> 24cm<br \/>\n<strong>NGJYRA:<\/strong> Ari<br \/>\n<strong>MATERIALI:<\/strong> Pasqyr\u00eb me plastik\u00eb<br \/>\n<strong>UDH\u00cbZIMET E P\u00cbRDORIMIT:<\/strong> T\u00eb pastrohet me pastruese pluhuri<br \/>\n<strong>KUSHTET E KTHIMIT \/ GARANCION:<\/strong>P\u00ebr k\u00ebt\u00eb produkt pranohet reklamacion brenda 24 or\u00ebve pasi t\u00eb pranoni porosin\u00eb.<br \/>\n<span style=\"color: #ffffff;\">3907489180629<\/span><\/p>\n","protected":false},"featured_media":56064,"template":"","meta":[],"product_cat":[49,51,70],"product_tag":[],"_links":{"self":[{"href":"https:\/\/www.comoditahome.com\/al\/wp-json\/wp\/v2\/product\/56063"}],"collection":[{"href":"https:\/\/www.comoditahome.com\/al\/wp-json\/wp\/v2\/product"}],"about":[{"href":"https:\/\/www.comoditahome.com\/al\/wp-json\/wp\/v2\/types\/product"}],"version-history":[{"count":1,"href":"https:\/\/www.comoditahome.com\/al\/wp-json\/wp\/v2\/product\/56063\/revisions"}],"predecessor-version":[{"id":56247,"href":"https:\/\/www.comoditahome.com\/al\/wp-json\/wp\/v2\/product\/56063\/revisions\/56247"}],"wp:featuredmedia":[{"embeddable":true,"href":"https:\/\/www.comoditahome.com\/al\/wp-json\/wp\/v2\/media\/56064"}],"wp:attachment":[{"href":"https:\/\/www.comoditahome.com\/al\/wp-json\/wp\/v2\/media?parent=56063"}],"wp:term":[{"taxonomy":"product_cat","embeddable":true,"href":"https:\/\/www.comoditahome.com\/al\/wp-json\/wp\/v2\/product_cat?post=56063"},{"taxonomy":"product_tag","embeddable":true,"href":"https:\/\/www.comoditahome.com\/al\/wp-json\/wp\/v2\/product_tag?post=56063"}],"curies":[{"name":"wp","href":"https:\/\/api.w.org\/{rel}","templated":true}]}}