 {"id":56067,"date":"2021-11-29T10:27:37","date_gmt":"2021-11-29T08:27:37","guid":{"rendered":"https:\/\/www.comoditahome.com\/al\/?post_type=product&#038;p=56067"},"modified":"2026-03-02T09:11:39","modified_gmt":"2026-03-02T07:11:39","slug":"ore-muri-vintage","status":"publish","type":"product","link":"https:\/\/www.comoditahome.com\/al\/product\/ore-muri-vintage\/","title":{"rendered":"Or\u00eb muri Vintage"},"content":{"rendered":"","protected":false},"excerpt":{"rendered":"<p style=\"text-align: left;\">Or\u00eb muri n\u00eb form\u00eb rrethore dhe tejet moderne. P\u00ebrshtatet leht\u00ebsisht brenda sht\u00ebpis\u00eb, zyr\u00ebs apo dyqanit. Vjen me dimensionet 59X35X6CM.<br \/>\n<strong>Dimensioni \/ Kompozicioni:<\/strong> 50x49x5CM<br \/>\n<strong>NGJYRA:<\/strong> Gjelb\u00ebr e err\u00ebt<br \/>\n<strong>MATERIALI:<\/strong> Pasqyr\u00eb me plastik\u00eb<br \/>\n<strong>UDH\u00cbZIMET E P\u00cbRDORIMIT:<\/strong>\u00a0T\u00eb pastrohet me pastruese pluhuri<br \/>\n<strong>KUSHTET E KTHIMIT \/ GARANCION:<\/strong> P\u00ebr k\u00ebt\u00eb produkt pranohet reklamacion brenda 24 or\u00ebve pasi t\u00eb pranoni porosin\u00eb.<br \/>\n<span style=\"color: #ffffff;\">3907489180643<\/span><\/p>\n","protected":false},"featured_media":56068,"template":"","meta":[],"product_cat":[49,154],"product_tag":[],"_links":{"self":[{"href":"https:\/\/www.comoditahome.com\/al\/wp-json\/wp\/v2\/product\/56067"}],"collection":[{"href":"https:\/\/www.comoditahome.com\/al\/wp-json\/wp\/v2\/product"}],"about":[{"href":"https:\/\/www.comoditahome.com\/al\/wp-json\/wp\/v2\/types\/product"}],"version-history":[{"count":2,"href":"https:\/\/www.comoditahome.com\/al\/wp-json\/wp\/v2\/product\/56067\/revisions"}],"predecessor-version":[{"id":81921,"href":"https:\/\/www.comoditahome.com\/al\/wp-json\/wp\/v2\/product\/56067\/revisions\/81921"}],"wp:featuredmedia":[{"embeddable":true,"href":"https:\/\/www.comoditahome.com\/al\/wp-json\/wp\/v2\/media\/56068"}],"wp:attachment":[{"href":"https:\/\/www.comoditahome.com\/al\/wp-json\/wp\/v2\/media?parent=56067"}],"wp:term":[{"taxonomy":"product_cat","embeddable":true,"href":"https:\/\/www.comoditahome.com\/al\/wp-json\/wp\/v2\/product_cat?post=56067"},{"taxonomy":"product_tag","embeddable":true,"href":"https:\/\/www.comoditahome.com\/al\/wp-json\/wp\/v2\/product_tag?post=56067"}],"curies":[{"name":"wp","href":"https:\/\/api.w.org\/{rel}","templated":true}]}}