 {"id":56075,"date":"2022-11-29T10:31:35","date_gmt":"2022-11-29T08:31:35","guid":{"rendered":"https:\/\/www.comoditahome.com\/al\/?post_type=product&#038;p=56075"},"modified":"2026-04-09T11:54:59","modified_gmt":"2026-04-09T09:54:59","slug":"aromatizues-dylli-3","status":"publish","type":"product","link":"https:\/\/www.comoditahome.com\/al\/product\/aromatizues-dylli-3\/","title":{"rendered":"Aromatizues dylli"},"content":{"rendered":"","protected":false},"excerpt":{"rendered":"<p style=\"text-align: left;\">Aromatizuesi i dyllit \u00ebsht\u00eb i p\u00ebrkryer p\u00ebr krijimin e nj\u00eb ambienti t\u00eb k\u00ebndsh\u00ebm n\u00eb sht\u00ebpi q\u00eb d\u00ebfton arom\u00eb t\u00eb k\u00ebndshme . Vjen n\u00eb paketim t\u00eb p\u00ebrshtatsh\u00ebm edhe p\u00ebr dhurat\u00eb.<br \/>\n<strong>Dimensioni \/ Kompozicioni:<\/strong> 50gr<br \/>\n<strong>NGJYRA:<\/strong> Me dizajn<br \/>\n<strong>MATERIALI:<\/strong> Dyll<br \/>\n<strong>UDH\u00cbZIMET E P\u00cbRDORIMIT:<\/strong> T\u00eb pastrohet me pastruese pluhuri<br \/>\n<strong>KUSHTET E KTHIMIT \/ GARANCION:<\/strong> P\u00ebr k\u00ebt\u00eb produkt pranohet reklamacion brenda 24 or\u00ebve pasi t\u00eb pranoni porosin\u00eb.<br \/>\n<span style=\"color: #ffffff;\">5310233004931<\/span><\/p>\n","protected":false},"featured_media":56076,"template":"","meta":[],"product_cat":[75,49,51],"product_tag":[],"_links":{"self":[{"href":"https:\/\/www.comoditahome.com\/al\/wp-json\/wp\/v2\/product\/56075"}],"collection":[{"href":"https:\/\/www.comoditahome.com\/al\/wp-json\/wp\/v2\/product"}],"about":[{"href":"https:\/\/www.comoditahome.com\/al\/wp-json\/wp\/v2\/types\/product"}],"version-history":[{"count":0,"href":"https:\/\/www.comoditahome.com\/al\/wp-json\/wp\/v2\/product\/56075\/revisions"}],"wp:featuredmedia":[{"embeddable":true,"href":"https:\/\/www.comoditahome.com\/al\/wp-json\/wp\/v2\/media\/56076"}],"wp:attachment":[{"href":"https:\/\/www.comoditahome.com\/al\/wp-json\/wp\/v2\/media?parent=56075"}],"wp:term":[{"taxonomy":"product_cat","embeddable":true,"href":"https:\/\/www.comoditahome.com\/al\/wp-json\/wp\/v2\/product_cat?post=56075"},{"taxonomy":"product_tag","embeddable":true,"href":"https:\/\/www.comoditahome.com\/al\/wp-json\/wp\/v2\/product_tag?post=56075"}],"curies":[{"name":"wp","href":"https:\/\/api.w.org\/{rel}","templated":true}]}}