 {"id":56080,"date":"2022-11-29T10:33:15","date_gmt":"2022-11-29T08:33:15","guid":{"rendered":"https:\/\/www.comoditahome.com\/al\/?post_type=product&#038;p=56080"},"modified":"2026-04-23T09:00:27","modified_gmt":"2026-04-23T07:00:27","slug":"ene-sherbimi-bamboo","status":"publish","type":"product","link":"https:\/\/www.comoditahome.com\/al\/product\/ene-sherbimi-bamboo\/","title":{"rendered":"En\u00eb sh\u00ebrbimi Bamboo"},"content":{"rendered":"","protected":false},"excerpt":{"rendered":"<div class=\"woocommerce-product-details__short-description\">\n<p style=\"text-align: left;\">En\u00eb sh\u00ebrbyese p\u00ebr kuzhin\u00eb nga linja Bamboo, me material prej drurit bamboo dhe porcelanit t\u00eb kualitetit t\u00eb lart\u00eb. Druri I bambus \u00ebsht\u00eb material jasht\u00ebzakonisht I q\u00ebndruesh\u00ebm, rezistent ndaj lag\u00ebshtis\u00eb dhe ka nj\u00eb pamje t\u00eb ngroht\u00eb. Nj\u00eb alternative natyrale n\u00eb kombinim me eleganc\u00ebn<\/p>\n<p style=\"text-align: left;\"><strong>Dimensioni \/ Kompozicioni:<\/strong> 2 pjes\u00eb: 1 mbajt\u00ebse, 1 kapak\u00eb<\/p>\n<p style=\"text-align: left;\"><strong>NGJYRA:<\/strong> E bardh\u00eb<\/p>\n<p style=\"text-align: left;\"><strong>MATERIALI:<\/strong> Porcelan me mbajt\u00ebse Bambu<\/p>\n<p style=\"text-align: left;\"><strong>UDH\u00cbZIMET E P\u00cbRDORIMIT:<\/strong> T\u00eb pastrohet me Dor\u00eb<\/p>\n<p style=\"text-align: left;\"><strong>KUSHTET E KTHIMIT \/ GARANCION:<\/strong> P\u00ebr k\u00ebt\u00eb produkt pranohet reklamacion brenda 24 or\u00ebve pasi t\u00eb pranoni porosin\u00eb.<br \/>\n<span style=\"color: #ffffff;\">5310233006386<\/span><\/p>\n<\/div>\n","protected":false},"featured_media":56081,"template":"","meta":[],"product_cat":[151,55],"product_tag":[],"_links":{"self":[{"href":"https:\/\/www.comoditahome.com\/al\/wp-json\/wp\/v2\/product\/56080"}],"collection":[{"href":"https:\/\/www.comoditahome.com\/al\/wp-json\/wp\/v2\/product"}],"about":[{"href":"https:\/\/www.comoditahome.com\/al\/wp-json\/wp\/v2\/types\/product"}],"version-history":[{"count":0,"href":"https:\/\/www.comoditahome.com\/al\/wp-json\/wp\/v2\/product\/56080\/revisions"}],"wp:featuredmedia":[{"embeddable":true,"href":"https:\/\/www.comoditahome.com\/al\/wp-json\/wp\/v2\/media\/56081"}],"wp:attachment":[{"href":"https:\/\/www.comoditahome.com\/al\/wp-json\/wp\/v2\/media?parent=56080"}],"wp:term":[{"taxonomy":"product_cat","embeddable":true,"href":"https:\/\/www.comoditahome.com\/al\/wp-json\/wp\/v2\/product_cat?post=56080"},{"taxonomy":"product_tag","embeddable":true,"href":"https:\/\/www.comoditahome.com\/al\/wp-json\/wp\/v2\/product_tag?post=56080"}],"curies":[{"name":"wp","href":"https:\/\/api.w.org\/{rel}","templated":true}]}}