 {"id":56087,"date":"2022-11-29T10:35:04","date_gmt":"2022-11-29T08:35:04","guid":{"rendered":"https:\/\/www.comoditahome.com\/al\/?post_type=product&#038;p=56087"},"modified":"2026-05-07T09:34:16","modified_gmt":"2026-05-07T07:34:16","slug":"pasqyre-muri-vintage-3","status":"publish","type":"product","link":"https:\/\/www.comoditahome.com\/al\/product\/pasqyre-muri-vintage-3\/","title":{"rendered":"Pasqyr\u00eb muri Vintage"},"content":{"rendered":"","protected":false},"excerpt":{"rendered":"<p style=\"text-align: left;\">Pasqyr\u00eb me dizajn avangard\u00eb dhe dimensione prej 50CM. Meq\u00eb \u00ebsht\u00eb e punuar nga ngjyra e hirt\u00eb, sinkronizohet me pothuajse secilin lloj t\u00eb murit n\u00eb sht\u00ebpi. Kjo pasqyr\u00eb \u00ebsht\u00eb identiteti i ri i sht\u00ebpis\u00eb suaj moderne.<br \/>\n<strong>Dimensioni \/ Kompozicioni:<\/strong> 50cm<br \/>\n<strong>NGJYRA:<\/strong> Hiri<br \/>\n<strong>MATERIALI:<\/strong> Pasqyr\u00eb me plastik\u00eb<br \/>\n<strong>UDH\u00cbZIMET E P\u00cbRDORIMIT:<\/strong> T\u00eb pastrohet me pastruese pluhuri<br \/>\n<strong>KUSHTET E KTHIMIT \/ GARANCION:<\/strong>P\u00ebr k\u00ebt\u00eb produkt pranohet reklamacion brenda 24 or\u00ebve pasi t\u00eb pranoni porosin\u00eb.<br \/>\n<span style=\"color: #ffffff;\">5310233000568<\/span><\/p>\n","protected":false},"featured_media":56088,"template":"","meta":[],"product_cat":[49,51,70],"product_tag":[],"_links":{"self":[{"href":"https:\/\/www.comoditahome.com\/al\/wp-json\/wp\/v2\/product\/56087"}],"collection":[{"href":"https:\/\/www.comoditahome.com\/al\/wp-json\/wp\/v2\/product"}],"about":[{"href":"https:\/\/www.comoditahome.com\/al\/wp-json\/wp\/v2\/types\/product"}],"version-history":[{"count":0,"href":"https:\/\/www.comoditahome.com\/al\/wp-json\/wp\/v2\/product\/56087\/revisions"}],"wp:featuredmedia":[{"embeddable":true,"href":"https:\/\/www.comoditahome.com\/al\/wp-json\/wp\/v2\/media\/56088"}],"wp:attachment":[{"href":"https:\/\/www.comoditahome.com\/al\/wp-json\/wp\/v2\/media?parent=56087"}],"wp:term":[{"taxonomy":"product_cat","embeddable":true,"href":"https:\/\/www.comoditahome.com\/al\/wp-json\/wp\/v2\/product_cat?post=56087"},{"taxonomy":"product_tag","embeddable":true,"href":"https:\/\/www.comoditahome.com\/al\/wp-json\/wp\/v2\/product_tag?post=56087"}],"curies":[{"name":"wp","href":"https:\/\/api.w.org\/{rel}","templated":true}]}}