 {"id":56091,"date":"2022-11-29T10:36:35","date_gmt":"2022-11-29T08:36:35","guid":{"rendered":"https:\/\/www.comoditahome.com\/al\/?post_type=product&#038;p=56091"},"modified":"2026-04-09T11:54:59","modified_gmt":"2026-04-09T09:54:59","slug":"pasqyri-muri-vintage","status":"publish","type":"product","link":"https:\/\/www.comoditahome.com\/al\/product\/pasqyri-muri-vintage\/","title":{"rendered":"Pasqyri muri Vintage"},"content":{"rendered":"","protected":false},"excerpt":{"rendered":"<p style=\"text-align: left;\">Pasqyr\u00eb autentike e stilit t\u00eb vjet\u00ebr klasik me detaje t\u00eb rafinuara kafe dhe me dimensione prej 50C. E p\u00ebrsosur p\u00ebr t\u2019a varur n\u00eb murin e dhom\u00ebs s\u00eb dites ku kombinohet mjaft\u00eb bukur me orendit\u00eb e drurit.<br \/>\n<strong>Dimensioni \/ Kompozicioni:<\/strong> 50cm<br \/>\n<strong>NGJYRA:<\/strong> Kafe e err\u00ebt<br \/>\n<strong>MATERIALI:<\/strong> Pasqyr\u00eb me plastik\u00eb<br \/>\n<strong>UDH\u00cbZIMET E P\u00cbRDORIMIT:<\/strong> T\u00eb pastrohet me pastruese pluhuri<br \/>\n<strong>KUSHTET E KTHIMIT \/ GARANCION:<\/strong>P\u00ebr k\u00ebt\u00eb produkt pranohet reklamacion brenda 24 or\u00ebve pasi t\u00eb pranoni porosin\u00eb.<br \/>\n<span style=\"color: #ffffff;\">5310233000575<\/span><\/p>\n","protected":false},"featured_media":56092,"template":"","meta":[],"product_cat":[49,51,70],"product_tag":[],"_links":{"self":[{"href":"https:\/\/www.comoditahome.com\/al\/wp-json\/wp\/v2\/product\/56091"}],"collection":[{"href":"https:\/\/www.comoditahome.com\/al\/wp-json\/wp\/v2\/product"}],"about":[{"href":"https:\/\/www.comoditahome.com\/al\/wp-json\/wp\/v2\/types\/product"}],"version-history":[{"count":1,"href":"https:\/\/www.comoditahome.com\/al\/wp-json\/wp\/v2\/product\/56091\/revisions"}],"predecessor-version":[{"id":56245,"href":"https:\/\/www.comoditahome.com\/al\/wp-json\/wp\/v2\/product\/56091\/revisions\/56245"}],"wp:featuredmedia":[{"embeddable":true,"href":"https:\/\/www.comoditahome.com\/al\/wp-json\/wp\/v2\/media\/56092"}],"wp:attachment":[{"href":"https:\/\/www.comoditahome.com\/al\/wp-json\/wp\/v2\/media?parent=56091"}],"wp:term":[{"taxonomy":"product_cat","embeddable":true,"href":"https:\/\/www.comoditahome.com\/al\/wp-json\/wp\/v2\/product_cat?post=56091"},{"taxonomy":"product_tag","embeddable":true,"href":"https:\/\/www.comoditahome.com\/al\/wp-json\/wp\/v2\/product_tag?post=56091"}],"curies":[{"name":"wp","href":"https:\/\/api.w.org\/{rel}","templated":true}]}}