 {"id":56098,"date":"2022-11-29T10:38:44","date_gmt":"2022-11-29T08:38:44","guid":{"rendered":"https:\/\/www.comoditahome.com\/al\/?post_type=product&#038;p=56098"},"modified":"2026-04-23T09:00:28","modified_gmt":"2026-04-23T07:00:28","slug":"vaj-esencial-jasmine","status":"publish","type":"product","link":"https:\/\/www.comoditahome.com\/al\/product\/vaj-esencial-jasmine\/","title":{"rendered":"Vaj esencial Jasmine"},"content":{"rendered":"","protected":false},"excerpt":{"rendered":"<p style=\"text-align: left;\">Aromatizuesi Jasmine \u00ebsht\u00eb i p\u00ebrkryer p\u00ebr krijimin e nj\u00eb ambienti t\u00eb k\u00ebndsh\u00ebm n\u00eb sht\u00ebpi q\u00eb d\u00ebfton arom\u00ebm e mir\u00eb. \u00cbsht\u00eb i ruajtur n\u00eb shishe t\u00eb vog\u00ebl prej qelqi me sasi prej 10ml. Rekomandohet t\u00eb p\u00ebrdoret n\u00eb pajisjet e lag\u00ebshtuesve t\u00eb ajrit dhe mekanizmat tjer\u00eb aromatizues.<br \/>\n<strong>Dimensioni \/ Kompozicioni:<\/strong> 10ml<br \/>\n<strong>NGJYRA:<\/strong> Transparente<br \/>\n<strong>MATERIALI:<\/strong> Xham, plastik dhe l\u00ebng<br \/>\n<strong>UDH\u00cbZIMET E P\u00cbRDORIMIT:<\/strong> T\u00eb pastrohet me pastruese pluhuri<br \/>\n<strong>KUSHTET E KTHIMIT \/ GARANCION:<\/strong> P\u00ebr k\u00ebt\u00eb produkt pranohet reklamacion brenda 24 or\u00ebve pasi t\u00eb pranoni porosin\u00eb.<br \/>\n<span style=\"color: #ffffff;\">3907489380401<\/span><\/p>\n","protected":false},"featured_media":56099,"template":"","meta":[],"product_cat":[75,49,51],"product_tag":[],"_links":{"self":[{"href":"https:\/\/www.comoditahome.com\/al\/wp-json\/wp\/v2\/product\/56098"}],"collection":[{"href":"https:\/\/www.comoditahome.com\/al\/wp-json\/wp\/v2\/product"}],"about":[{"href":"https:\/\/www.comoditahome.com\/al\/wp-json\/wp\/v2\/types\/product"}],"version-history":[{"count":1,"href":"https:\/\/www.comoditahome.com\/al\/wp-json\/wp\/v2\/product\/56098\/revisions"}],"predecessor-version":[{"id":56244,"href":"https:\/\/www.comoditahome.com\/al\/wp-json\/wp\/v2\/product\/56098\/revisions\/56244"}],"wp:featuredmedia":[{"embeddable":true,"href":"https:\/\/www.comoditahome.com\/al\/wp-json\/wp\/v2\/media\/56099"}],"wp:attachment":[{"href":"https:\/\/www.comoditahome.com\/al\/wp-json\/wp\/v2\/media?parent=56098"}],"wp:term":[{"taxonomy":"product_cat","embeddable":true,"href":"https:\/\/www.comoditahome.com\/al\/wp-json\/wp\/v2\/product_cat?post=56098"},{"taxonomy":"product_tag","embeddable":true,"href":"https:\/\/www.comoditahome.com\/al\/wp-json\/wp\/v2\/product_tag?post=56098"}],"curies":[{"name":"wp","href":"https:\/\/api.w.org\/{rel}","templated":true}]}}