 {"id":56126,"date":"2022-11-29T10:49:59","date_gmt":"2022-11-29T08:49:59","guid":{"rendered":"https:\/\/www.comoditahome.com\/al\/?post_type=product&#038;p=56126"},"modified":"2026-05-07T09:34:17","modified_gmt":"2026-05-07T07:34:17","slug":"skulpture-dekorative","status":"publish","type":"product","link":"https:\/\/www.comoditahome.com\/al\/product\/skulpture-dekorative\/","title":{"rendered":"Skulptur\u00eb dekorative"},"content":{"rendered":"","protected":false},"excerpt":{"rendered":"<p style=\"text-align: left;\">Skulptura dekorative vjen me nj\u00eb dizajn t\u00eb veqant\u00eb duke paraqitur fytyr\u00ebn e Sokratit. Vendosni at\u00eb n\u00eb tavolin\u00ebn e dhom\u00ebs s\u00eb ndenj\u00ebs, ambientet e holleve t\u00eb sht\u00ebpis\u00eb apo tek k\u00ebndi i libraris\u00eb. Ky element \u00ebsht\u00eb tejet modern q\u00eb i jep sharm secilit ambient.<br \/>\n<strong>Dimensioni \/ Kompozicioni:<\/strong> 16x9x25CM<br \/>\n<strong>NGJYRA:<\/strong> Ari<br \/>\n<strong>MATERIALI:<\/strong> Polyresin<br \/>\n<strong>UDH\u00cbZIMET E P\u00cbRDORIMIT:<\/strong> T\u00eb pastrohet me pastruese pluhuri<br \/>\n<strong>KUSHTET E KTHIMIT \/ GARANCION:<\/strong>P\u00ebr k\u00ebt\u00eb produkt pranohet reklamacion brenda 24 or\u00ebve pasi t\u00eb pranoni porosin\u00eb.<br \/>\n<span style=\"color: #ffffff;\">3907489350169<\/span><\/p>\n","protected":false},"featured_media":56127,"template":"","meta":[],"product_cat":[67,69,49,51],"product_tag":[],"_links":{"self":[{"href":"https:\/\/www.comoditahome.com\/al\/wp-json\/wp\/v2\/product\/56126"}],"collection":[{"href":"https:\/\/www.comoditahome.com\/al\/wp-json\/wp\/v2\/product"}],"about":[{"href":"https:\/\/www.comoditahome.com\/al\/wp-json\/wp\/v2\/types\/product"}],"version-history":[{"count":1,"href":"https:\/\/www.comoditahome.com\/al\/wp-json\/wp\/v2\/product\/56126\/revisions"}],"predecessor-version":[{"id":56131,"href":"https:\/\/www.comoditahome.com\/al\/wp-json\/wp\/v2\/product\/56126\/revisions\/56131"}],"wp:featuredmedia":[{"embeddable":true,"href":"https:\/\/www.comoditahome.com\/al\/wp-json\/wp\/v2\/media\/56127"}],"wp:attachment":[{"href":"https:\/\/www.comoditahome.com\/al\/wp-json\/wp\/v2\/media?parent=56126"}],"wp:term":[{"taxonomy":"product_cat","embeddable":true,"href":"https:\/\/www.comoditahome.com\/al\/wp-json\/wp\/v2\/product_cat?post=56126"},{"taxonomy":"product_tag","embeddable":true,"href":"https:\/\/www.comoditahome.com\/al\/wp-json\/wp\/v2\/product_tag?post=56126"}],"curies":[{"name":"wp","href":"https:\/\/api.w.org\/{rel}","templated":true}]}}