 {"id":56132,"date":"2022-11-29T10:51:32","date_gmt":"2022-11-29T08:51:32","guid":{"rendered":"https:\/\/www.comoditahome.com\/al\/?post_type=product&#038;p=56132"},"modified":"2026-04-09T11:55:00","modified_gmt":"2026-04-09T09:55:00","slug":"vazo-dekorative","status":"publish","type":"product","link":"https:\/\/www.comoditahome.com\/al\/product\/vazo-dekorative\/","title":{"rendered":"Vazo dekorative"},"content":{"rendered":"","protected":false},"excerpt":{"rendered":"<p style=\"text-align: left;\">Vazo dekorative p\u00ebr tryez\u00eb ose rafte. Krahas form\u00ebs speciale, kjo vazo dallohet p\u00ebr tekstur\u00ebn me vija paralele n\u00eb form\u00eb t\u00eb qepjes. Me nj\u00eb stil unik dhe tejet modern, kjo vazo i jep sharm ambientit tuaj t\u00eb sht\u00ebpis\u00eb apo zyr\u00ebs suaj.<br \/>\n<strong>Dimensioni \/ Kompozicioni:<\/strong> 15x37CM<br \/>\n<strong>NGJYRA:<\/strong> Ari<br \/>\n<strong>MATERIALI:<\/strong> Polyresin<br \/>\n<strong>UDH\u00cbZIMET E P\u00cbRDORIMIT:<\/strong> T\u00eb pastrohet me pastruese pluhuri<br \/>\n<strong>KUSHTET E KTHIMIT \/ GARANCION:<\/strong>P\u00ebr k\u00ebt\u00eb produkt pranohet reklamacion brenda 24 or\u00ebve pasi t\u00eb pranoni porosin\u00eb.<br \/>\n<span style=\"color: #ffffff;\">3907489350343<\/span><\/p>\n","protected":false},"featured_media":56133,"template":"","meta":[],"product_cat":[67,69,49,51],"product_tag":[],"_links":{"self":[{"href":"https:\/\/www.comoditahome.com\/al\/wp-json\/wp\/v2\/product\/56132"}],"collection":[{"href":"https:\/\/www.comoditahome.com\/al\/wp-json\/wp\/v2\/product"}],"about":[{"href":"https:\/\/www.comoditahome.com\/al\/wp-json\/wp\/v2\/types\/product"}],"version-history":[{"count":1,"href":"https:\/\/www.comoditahome.com\/al\/wp-json\/wp\/v2\/product\/56132\/revisions"}],"predecessor-version":[{"id":56242,"href":"https:\/\/www.comoditahome.com\/al\/wp-json\/wp\/v2\/product\/56132\/revisions\/56242"}],"wp:featuredmedia":[{"embeddable":true,"href":"https:\/\/www.comoditahome.com\/al\/wp-json\/wp\/v2\/media\/56133"}],"wp:attachment":[{"href":"https:\/\/www.comoditahome.com\/al\/wp-json\/wp\/v2\/media?parent=56132"}],"wp:term":[{"taxonomy":"product_cat","embeddable":true,"href":"https:\/\/www.comoditahome.com\/al\/wp-json\/wp\/v2\/product_cat?post=56132"},{"taxonomy":"product_tag","embeddable":true,"href":"https:\/\/www.comoditahome.com\/al\/wp-json\/wp\/v2\/product_tag?post=56132"}],"curies":[{"name":"wp","href":"https:\/\/api.w.org\/{rel}","templated":true}]}}