 {"id":56155,"date":"2023-09-01T11:07:27","date_gmt":"2023-09-01T09:07:27","guid":{"rendered":"https:\/\/www.comoditahome.com\/al\/?post_type=product&#038;p=56155"},"modified":"2026-04-23T09:00:29","modified_gmt":"2026-04-23T07:00:29","slug":"set-thikash-copper","status":"publish","type":"product","link":"https:\/\/www.comoditahome.com\/al\/product\/set-thikash-copper\/","title":{"rendered":"Set thikash Copper"},"content":{"rendered":"","protected":false},"excerpt":{"rendered":"<div class=\"woocommerce-product-details__short-description\">\n<p style=\"text-align: left;\">Seti i thikave Copper vjen me dizajn modern dhe me thika q\u00eb shquhen p\u00ebr tehe t\u00eb mprehta, precizitet t\u00eb jasht\u00ebzakonsh\u00ebm gjat\u00eb prerjes dhe cil\u00ebsi t\u00eb lart\u00eb. Tehi i thikave \u00ebsht\u00eb jo-ngjit\u00ebs nd\u00ebrsa dor\u00ebza e hekurt dhe kan\u00eb nj\u00eb mbajt\u00ebse p\u00ebr thika t\u00eb p\u00ebrshtatshme.<\/p>\n<p style=\"text-align: left;\"><strong>Dimensioni \/ Kompozicioni:<\/strong>\u00a0Seti ka 15 pjes\u00eb: 14 thika, 1 mbajt\u00ebse p\u00ebr thika<\/p>\n<p style=\"text-align: left;\"><strong>NGJYRA:<\/strong><\/p>\n<p style=\"text-align: left;\"><strong>MATERIALI:<\/strong>\u00a0Hekur<\/p>\n<p style=\"text-align: left;\"><strong>UDH\u00cbZIMET E P\u00cbRDORIMIT:<\/strong>\u00a0T\u00eb pastrohet me dor\u00eb<\/p>\n<p style=\"text-align: left;\"><strong>KUSHTET E KTHIMIT \/ GARANCION:<\/strong> P\u00ebr k\u00ebt\u00eb produkt pranohet reklamacion brenda 24 or\u00ebve pasi t\u00eb pranoni porosin\u00eb.<br \/>\n<span style=\"color: #ffffff;\">5310233000407<\/span><\/p>\n<\/div>\n","protected":false},"featured_media":56156,"template":"","meta":[],"product_cat":[55,152,57],"product_tag":[],"_links":{"self":[{"href":"https:\/\/www.comoditahome.com\/al\/wp-json\/wp\/v2\/product\/56155"}],"collection":[{"href":"https:\/\/www.comoditahome.com\/al\/wp-json\/wp\/v2\/product"}],"about":[{"href":"https:\/\/www.comoditahome.com\/al\/wp-json\/wp\/v2\/types\/product"}],"version-history":[{"count":1,"href":"https:\/\/www.comoditahome.com\/al\/wp-json\/wp\/v2\/product\/56155\/revisions"}],"predecessor-version":[{"id":72732,"href":"https:\/\/www.comoditahome.com\/al\/wp-json\/wp\/v2\/product\/56155\/revisions\/72732"}],"wp:featuredmedia":[{"embeddable":true,"href":"https:\/\/www.comoditahome.com\/al\/wp-json\/wp\/v2\/media\/56156"}],"wp:attachment":[{"href":"https:\/\/www.comoditahome.com\/al\/wp-json\/wp\/v2\/media?parent=56155"}],"wp:term":[{"taxonomy":"product_cat","embeddable":true,"href":"https:\/\/www.comoditahome.com\/al\/wp-json\/wp\/v2\/product_cat?post=56155"},{"taxonomy":"product_tag","embeddable":true,"href":"https:\/\/www.comoditahome.com\/al\/wp-json\/wp\/v2\/product_tag?post=56155"}],"curies":[{"name":"wp","href":"https:\/\/api.w.org\/{rel}","templated":true}]}}