 {"id":56162,"date":"2022-11-29T11:10:48","date_gmt":"2022-11-29T09:10:48","guid":{"rendered":"https:\/\/www.comoditahome.com\/al\/?post_type=product&#038;p=56162"},"modified":"2026-05-07T09:34:17","modified_gmt":"2026-05-07T07:34:17","slug":"objekt-dekorativ-ne-forme-te-leopardeve","status":"publish","type":"product","link":"https:\/\/www.comoditahome.com\/al\/product\/objekt-dekorativ-ne-forme-te-leopardeve\/","title":{"rendered":"Objekt dekorativ n\u00eb form\u00eb t\u00eb Leopard\u00ebve"},"content":{"rendered":"","protected":false},"excerpt":{"rendered":"<p style=\"text-align: left;\">Objekti dekorativ n\u00eb pamjen e dy Leopard\u00ebve, p\u00ebrmes pamjes s\u00eb tij t\u00eb guximshme, prezanton nj\u00eb stil unik t\u00eb stilimit t\u00eb sht\u00ebpis\u00eb. Kjo skulptur\u00eb kaq speciale, dallohet p\u00ebr shk\u00eblqimin e art\u00eb, detajet e rafinuara t\u00eb tipareve t\u00eb fytyr\u00ebs, gjymtyr\u00ebve dhe pikat n\u00eb t\u00ebr\u00eb sip\u00ebrfaqen e trupit.<br \/>\n<strong>Dimensioni \/ Kompozicioni:<\/strong> Ska info<br \/>\n<strong>NGJYRA:<\/strong> Ari<br \/>\n<strong>MATERIALI:<\/strong> Polyresin<br \/>\n<strong>UDH\u00cbZIMET E P\u00cbRDORIMIT:<\/strong> T\u00eb pastrohet me pastruese pluhuri<br \/>\n<strong>KUSHTET E KTHIMIT \/ GARANCION:<\/strong>P\u00ebr k\u00ebt\u00eb produkt pranohet reklamacion brenda 24 or\u00ebve pasi t\u00eb pranoni porosin\u00eb.<br \/>\n<span style=\"color: #ffffff;\">3907489350442<\/span><\/p>\n","protected":false},"featured_media":56163,"template":"","meta":[],"product_cat":[67,69,49,51],"product_tag":[],"_links":{"self":[{"href":"https:\/\/www.comoditahome.com\/al\/wp-json\/wp\/v2\/product\/56162"}],"collection":[{"href":"https:\/\/www.comoditahome.com\/al\/wp-json\/wp\/v2\/product"}],"about":[{"href":"https:\/\/www.comoditahome.com\/al\/wp-json\/wp\/v2\/types\/product"}],"version-history":[{"count":1,"href":"https:\/\/www.comoditahome.com\/al\/wp-json\/wp\/v2\/product\/56162\/revisions"}],"predecessor-version":[{"id":56178,"href":"https:\/\/www.comoditahome.com\/al\/wp-json\/wp\/v2\/product\/56162\/revisions\/56178"}],"wp:featuredmedia":[{"embeddable":true,"href":"https:\/\/www.comoditahome.com\/al\/wp-json\/wp\/v2\/media\/56163"}],"wp:attachment":[{"href":"https:\/\/www.comoditahome.com\/al\/wp-json\/wp\/v2\/media?parent=56162"}],"wp:term":[{"taxonomy":"product_cat","embeddable":true,"href":"https:\/\/www.comoditahome.com\/al\/wp-json\/wp\/v2\/product_cat?post=56162"},{"taxonomy":"product_tag","embeddable":true,"href":"https:\/\/www.comoditahome.com\/al\/wp-json\/wp\/v2\/product_tag?post=56162"}],"curies":[{"name":"wp","href":"https:\/\/api.w.org\/{rel}","templated":true}]}}