 {"id":56185,"date":"2022-11-29T11:19:57","date_gmt":"2022-11-29T09:19:57","guid":{"rendered":"https:\/\/www.comoditahome.com\/al\/?post_type=product&#038;p=56185"},"modified":"2026-05-07T09:34:17","modified_gmt":"2026-05-07T07:34:17","slug":"skulpture-dekorative-3","status":"publish","type":"product","link":"https:\/\/www.comoditahome.com\/al\/product\/skulpture-dekorative-3\/","title":{"rendered":"Skulptur\u00eb dekorative"},"content":{"rendered":"","protected":false},"excerpt":{"rendered":"<p style=\"text-align: left;\">Objekti dekorativ n\u00eb form\u00ebn e dy Elefant\u00ebve, p\u00ebrmes pamjes prezanton nj\u00eb stil unik t\u00eb stilimit t\u00eb sht\u00ebpis\u00eb. Kjo skulptur\u00eb kaq speciale, dallohet p\u00ebr shk\u00eblqimin e art\u00eb dhe detajet e rafinuara t\u00eb tyre.<br \/>\n<strong>Dimensioni \/ Kompozicioni:<\/strong> Ska info<br \/>\n<strong>NGJYRA:<\/strong> Argjend<br \/>\n<strong>MATERIALI:<\/strong> Polyresin<br \/>\n<strong>UDH\u00cbZIMET E P\u00cbRDORIMIT:<\/strong> T\u00eb pastrohet me pastruese pluhuri<br \/>\n<strong>KUSHTET E KTHIMIT \/ GARANCION:<\/strong>P\u00ebr k\u00ebt\u00eb produkt pranohet reklamacion brenda 24 or\u00ebve pasi t\u00eb pranoni porosin\u00eb.<br \/>\n<span style=\"color: #ffffff;\">3907489350138<\/span><\/p>\n","protected":false},"featured_media":56186,"template":"","meta":[],"product_cat":[67,69,49,51],"product_tag":[],"_links":{"self":[{"href":"https:\/\/www.comoditahome.com\/al\/wp-json\/wp\/v2\/product\/56185"}],"collection":[{"href":"https:\/\/www.comoditahome.com\/al\/wp-json\/wp\/v2\/product"}],"about":[{"href":"https:\/\/www.comoditahome.com\/al\/wp-json\/wp\/v2\/types\/product"}],"version-history":[{"count":1,"href":"https:\/\/www.comoditahome.com\/al\/wp-json\/wp\/v2\/product\/56185\/revisions"}],"predecessor-version":[{"id":56190,"href":"https:\/\/www.comoditahome.com\/al\/wp-json\/wp\/v2\/product\/56185\/revisions\/56190"}],"wp:featuredmedia":[{"embeddable":true,"href":"https:\/\/www.comoditahome.com\/al\/wp-json\/wp\/v2\/media\/56186"}],"wp:attachment":[{"href":"https:\/\/www.comoditahome.com\/al\/wp-json\/wp\/v2\/media?parent=56185"}],"wp:term":[{"taxonomy":"product_cat","embeddable":true,"href":"https:\/\/www.comoditahome.com\/al\/wp-json\/wp\/v2\/product_cat?post=56185"},{"taxonomy":"product_tag","embeddable":true,"href":"https:\/\/www.comoditahome.com\/al\/wp-json\/wp\/v2\/product_tag?post=56185"}],"curies":[{"name":"wp","href":"https:\/\/api.w.org\/{rel}","templated":true}]}}