 {"id":56214,"date":"2024-09-30T11:06:09","date_gmt":"2024-09-30T09:06:09","guid":{"rendered":"https:\/\/www.comoditahome.com\/al\/?post_type=product&#038;p=56214"},"modified":"2026-05-07T09:34:18","modified_gmt":"2026-05-07T07:34:18","slug":"peshqir-bg","status":"publish","type":"product","link":"https:\/\/www.comoditahome.com\/al\/product\/peshqir-bg\/","title":{"rendered":"Peshqir BG"},"content":{"rendered":"","protected":false},"excerpt":{"rendered":"<p style=\"text-align: left;\">Peshqiri BG \u00ebsht\u00eb n\u00eb madh\u00ebsin\u00eb e p\u00ebrshtatshme p\u00ebr t\u00eb pastruar duart. Vjen n\u00eb model klasik. Materiali prej pambuku e ndihmon k\u00ebt\u00eb produkt q\u00eb t\u2019i jep aft\u00ebsi t\u00eb jet\u00ebgjat\u00ebsis\u00eb dhe t\u00eb paloset leht\u00ebsisht n\u00eb raftet e banjos suaj.<br \/>\n<strong>Dimensioni \/ Kompozicioni:<\/strong> 50x90cm \/ 70\u00d7140 cm \/ 90\u00d7180 cm<br \/>\n<strong>NGJYRA:<\/strong> Ngjyra t\u00eb ndryshme<br \/>\n<strong>MATERIALI:<\/strong> 100% Pambuk<br \/>\n<strong>UDH\u00cbZIMET E P\u00cbRDORIMIT:<\/strong>\u00a0N\u00eb makin\u00eb lar\u00ebse 30\u00b0C<br \/>\n<strong>KUSHTET E KTHIMIT \/ GARANCION:<\/strong>\u00a0P\u00ebr shkak t\u00eb kontaktit me higjien\u00eb personale, p\u00ebr produktet e tekstilit nuk pranohen kthime apo reklamacione.<\/p>\n","protected":false},"featured_media":66855,"template":"","meta":[],"product_cat":[97,101],"product_tag":[],"_links":{"self":[{"href":"https:\/\/www.comoditahome.com\/al\/wp-json\/wp\/v2\/product\/56214"}],"collection":[{"href":"https:\/\/www.comoditahome.com\/al\/wp-json\/wp\/v2\/product"}],"about":[{"href":"https:\/\/www.comoditahome.com\/al\/wp-json\/wp\/v2\/types\/product"}],"version-history":[{"count":1,"href":"https:\/\/www.comoditahome.com\/al\/wp-json\/wp\/v2\/product\/56214\/revisions"}],"predecessor-version":[{"id":66856,"href":"https:\/\/www.comoditahome.com\/al\/wp-json\/wp\/v2\/product\/56214\/revisions\/66856"}],"wp:featuredmedia":[{"embeddable":true,"href":"https:\/\/www.comoditahome.com\/al\/wp-json\/wp\/v2\/media\/66855"}],"wp:attachment":[{"href":"https:\/\/www.comoditahome.com\/al\/wp-json\/wp\/v2\/media?parent=56214"}],"wp:term":[{"taxonomy":"product_cat","embeddable":true,"href":"https:\/\/www.comoditahome.com\/al\/wp-json\/wp\/v2\/product_cat?post=56214"},{"taxonomy":"product_tag","embeddable":true,"href":"https:\/\/www.comoditahome.com\/al\/wp-json\/wp\/v2\/product_tag?post=56214"}],"curies":[{"name":"wp","href":"https:\/\/api.w.org\/{rel}","templated":true}]}}