 {"id":56233,"date":"2022-11-30T12:03:21","date_gmt":"2022-11-30T10:03:21","guid":{"rendered":"https:\/\/www.comoditahome.com\/al\/?post_type=product&#038;p=56233"},"modified":"2026-04-09T11:55:00","modified_gmt":"2026-04-09T09:55:00","slug":"kanister-akacia","status":"publish","type":"product","link":"https:\/\/www.comoditahome.com\/al\/product\/kanister-akacia\/","title":{"rendered":"Kanister Akacia"},"content":{"rendered":"","protected":false},"excerpt":{"rendered":"<div class=\"woocommerce-product-details__short-description\">\n<p style=\"text-align: left;\">P\u00ebr t\u00eb evituar rr\u00ebmuj\u00ebn n\u00eb kuzhin\u00eb, organizoni er\u00ebzat dhe ushqimet e im\u00ebta n\u00eb kanister\u00ebt me kualitet tejet t\u00eb lart\u00eb dhe t\u00eb p\u00ebrshtatsh\u00ebm p\u00ebr \u00e7do kuzhin\u00eb.<\/p>\n<p style=\"text-align: left;\"><strong>Dimensioni \/ Kompozicioni:<\/strong> 11x11x16cm\/me kapak\u00eb<\/p>\n<p style=\"text-align: left;\"><strong>NGJYRA:<\/strong> Transparente, me dizajn<\/p>\n<p style=\"text-align: left;\"><strong>MATERIALI:<\/strong> Xham, Dru Akacia<\/p>\n<p style=\"text-align: left;\"><strong>UDH\u00cbZIMET E P\u00cbRDORIMIT:<\/strong> T\u00eb pastrohet me Dor\u00eb<\/p>\n<p style=\"text-align: left;\"><strong>KUSHTET E KTHIMIT \/ GARANCION:<\/strong> P\u00ebr k\u00ebt\u00eb produkt pranohet reklamacion brenda 24 or\u00ebve pasi t\u00eb pranoni porosin\u00eb.<br \/>\n<span style=\"color: #ffffff;\">3907489110145<\/span><\/p>\n<\/div>\n","protected":false},"featured_media":56234,"template":"","meta":[],"product_cat":[151,55],"product_tag":[],"_links":{"self":[{"href":"https:\/\/www.comoditahome.com\/al\/wp-json\/wp\/v2\/product\/56233"}],"collection":[{"href":"https:\/\/www.comoditahome.com\/al\/wp-json\/wp\/v2\/product"}],"about":[{"href":"https:\/\/www.comoditahome.com\/al\/wp-json\/wp\/v2\/types\/product"}],"version-history":[{"count":0,"href":"https:\/\/www.comoditahome.com\/al\/wp-json\/wp\/v2\/product\/56233\/revisions"}],"wp:featuredmedia":[{"embeddable":true,"href":"https:\/\/www.comoditahome.com\/al\/wp-json\/wp\/v2\/media\/56234"}],"wp:attachment":[{"href":"https:\/\/www.comoditahome.com\/al\/wp-json\/wp\/v2\/media?parent=56233"}],"wp:term":[{"taxonomy":"product_cat","embeddable":true,"href":"https:\/\/www.comoditahome.com\/al\/wp-json\/wp\/v2\/product_cat?post=56233"},{"taxonomy":"product_tag","embeddable":true,"href":"https:\/\/www.comoditahome.com\/al\/wp-json\/wp\/v2\/product_tag?post=56233"}],"curies":[{"name":"wp","href":"https:\/\/api.w.org\/{rel}","templated":true}]}}