 {"id":60031,"date":"2023-02-14T11:04:04","date_gmt":"2023-02-14T09:04:04","guid":{"rendered":"https:\/\/www.comoditahome.com\/al\/product\/filxhan-i-madh-porglaze-earth-matt\/"},"modified":"2026-04-09T11:55:02","modified_gmt":"2026-04-09T09:55:02","slug":"filxhan-i-madh-porglaze-earth-matt","status":"publish","type":"product","link":"https:\/\/www.comoditahome.com\/al\/product\/filxhan-i-madh-porglaze-earth-matt\/","title":{"rendered":"Filxhan i madh Porglaze Earth Matt"},"content":{"rendered":"","protected":false},"excerpt":{"rendered":"<div class=\"woocommerce-product-details__short-description\">\n<p style=\"text-align: left;\">Linja e en\u00ebve p\u00ebr servim Porglaze Earth, vjen me kualitet cil\u00ebsor dhe modele mjaft\u00eb elegante e t\u00eb p\u00ebrshtatshme p\u00ebr \u00e7do rast. Rituali i \u00e7ajit n\u00eb m\u00ebngjes, b\u00ebhet edhe m\u00eb i shijsh\u00ebm kur servohet n\u00eb k\u00ebt\u00eb filxhan.<\/p>\n<p style=\"text-align: left;\"><strong>Dimensioni \/ Kompozicioni:<\/strong> 380ml<\/p>\n<p style=\"text-align: left;\"><strong>NGJYRA:<\/strong> Bardh\u00eb, kalt\u00ebr<\/p>\n<p style=\"text-align: left;\"><strong>MATERIALI:<\/strong> Porcelan<\/p>\n<p style=\"text-align: left;\"><strong>UDH\u00cbZIMET E P\u00cbRDORIMIT:<\/strong> T\u00eb lahet me dor\u00eb<\/p>\n<p style=\"text-align: left;\"><strong>KUSHTET E KTHIMIT \/ GARANCION:<\/strong> P\u00ebr k\u00ebt\u00eb produkt pranohet reklamacion brenda 24 or\u00ebve pasi t\u00eb pranoni porosin\u00eb.<\/p>\n<p style=\"text-align: left;\"><span style=\"color: #ffffff;\">3907489140050<\/span><\/p>\n<\/div>\n","protected":false},"featured_media":60262,"template":"","meta":[],"product_cat":[55,95,57],"product_tag":[],"_links":{"self":[{"href":"https:\/\/www.comoditahome.com\/al\/wp-json\/wp\/v2\/product\/60031"}],"collection":[{"href":"https:\/\/www.comoditahome.com\/al\/wp-json\/wp\/v2\/product"}],"about":[{"href":"https:\/\/www.comoditahome.com\/al\/wp-json\/wp\/v2\/types\/product"}],"version-history":[{"count":2,"href":"https:\/\/www.comoditahome.com\/al\/wp-json\/wp\/v2\/product\/60031\/revisions"}],"predecessor-version":[{"id":60266,"href":"https:\/\/www.comoditahome.com\/al\/wp-json\/wp\/v2\/product\/60031\/revisions\/60266"}],"wp:featuredmedia":[{"embeddable":true,"href":"https:\/\/www.comoditahome.com\/al\/wp-json\/wp\/v2\/media\/60262"}],"wp:attachment":[{"href":"https:\/\/www.comoditahome.com\/al\/wp-json\/wp\/v2\/media?parent=60031"}],"wp:term":[{"taxonomy":"product_cat","embeddable":true,"href":"https:\/\/www.comoditahome.com\/al\/wp-json\/wp\/v2\/product_cat?post=60031"},{"taxonomy":"product_tag","embeddable":true,"href":"https:\/\/www.comoditahome.com\/al\/wp-json\/wp\/v2\/product_tag?post=60031"}],"curies":[{"name":"wp","href":"https:\/\/api.w.org\/{rel}","templated":true}]}}