 {"id":60033,"date":"2023-02-14T11:04:04","date_gmt":"2023-02-14T09:04:04","guid":{"rendered":"https:\/\/www.comoditahome.com\/al\/product\/tas-sallate-porglaze-earth-matt\/"},"modified":"2026-04-23T09:00:30","modified_gmt":"2026-04-23T07:00:30","slug":"tas-sallate-porglaze-earth-matt","status":"publish","type":"product","link":"https:\/\/www.comoditahome.com\/al\/product\/tas-sallate-porglaze-earth-matt\/","title":{"rendered":"Tas sallate Porglaze Earth Matt"},"content":{"rendered":"","protected":false},"excerpt":{"rendered":"<div class=\"woocommerce-product-details__short-description\">\n<p style=\"text-align: left;\">Tas n\u00eb form\u00eb rrethi nga linja Porglaze Earth, e cila mund t\u00eb p\u00ebrdoret p\u00ebr servime t\u00eb ndryshme t\u00eb sallatave.<\/p>\n<p style=\"text-align: left;\"><strong>Dimensioni \/ Kompozicioni:<\/strong> 12cm<\/p>\n<p style=\"text-align: left;\"><strong>NGJYRA:<\/strong> Bardh\u00eb, kalt\u00ebr<\/p>\n<p style=\"text-align: left;\"><strong>MATERIALI:<\/strong> Porcelan<\/p>\n<p style=\"text-align: left;\"><strong>UDH\u00cbZIMET E P\u00cbRDORIMIT:<\/strong> T\u00eb lahet me dor\u00eb<\/p>\n<p style=\"text-align: left;\"><strong>KUSHTET E KTHIMIT \/ GARANCION:<\/strong> P\u00ebr k\u00ebt\u00eb produkt pranohet reklamacion brenda 24 or\u00ebve pasi t\u00eb pranoni porosin\u00eb.<br \/>\n<span style=\"color: #ffffff;\">3907489140111<\/span><\/p>\n<\/div>\n","protected":false},"featured_media":60280,"template":"","meta":[],"product_cat":[55,57],"product_tag":[],"_links":{"self":[{"href":"https:\/\/www.comoditahome.com\/al\/wp-json\/wp\/v2\/product\/60033"}],"collection":[{"href":"https:\/\/www.comoditahome.com\/al\/wp-json\/wp\/v2\/product"}],"about":[{"href":"https:\/\/www.comoditahome.com\/al\/wp-json\/wp\/v2\/types\/product"}],"version-history":[{"count":2,"href":"https:\/\/www.comoditahome.com\/al\/wp-json\/wp\/v2\/product\/60033\/revisions"}],"predecessor-version":[{"id":60283,"href":"https:\/\/www.comoditahome.com\/al\/wp-json\/wp\/v2\/product\/60033\/revisions\/60283"}],"wp:featuredmedia":[{"embeddable":true,"href":"https:\/\/www.comoditahome.com\/al\/wp-json\/wp\/v2\/media\/60280"}],"wp:attachment":[{"href":"https:\/\/www.comoditahome.com\/al\/wp-json\/wp\/v2\/media?parent=60033"}],"wp:term":[{"taxonomy":"product_cat","embeddable":true,"href":"https:\/\/www.comoditahome.com\/al\/wp-json\/wp\/v2\/product_cat?post=60033"},{"taxonomy":"product_tag","embeddable":true,"href":"https:\/\/www.comoditahome.com\/al\/wp-json\/wp\/v2\/product_tag?post=60033"}],"curies":[{"name":"wp","href":"https:\/\/api.w.org\/{rel}","templated":true}]}}