 {"id":60039,"date":"2023-02-14T11:04:05","date_gmt":"2023-02-14T09:04:05","guid":{"rendered":"https:\/\/www.comoditahome.com\/al\/product\/ajnik-porglaze-earth-dark\/"},"modified":"2026-04-09T11:55:02","modified_gmt":"2026-04-09T09:55:02","slug":"ajnik-porglaze-earth-dark","status":"publish","type":"product","link":"https:\/\/www.comoditahome.com\/al\/product\/ajnik-porglaze-earth-dark\/","title":{"rendered":"\u00c7ajnik Porglaze Earth Dark"},"content":{"rendered":"","protected":false},"excerpt":{"rendered":"<div class=\"woocommerce-product-details__short-description\">\n<p style=\"text-align: left;\">Linja e en\u00ebve p\u00ebr servim Porglaze Earth Dark, vjen me kualitet cil\u00ebsor dhe modele mjaft\u00eb elegante e t\u00eb p\u00ebrshtatshme p\u00ebr \u00e7do rast. Rituali i \u00e7ajit n\u00eb m\u00ebngjes, b\u00ebhet edhe m\u00eb i dashur kur servohet nga ky \u00e7ajnik.<\/p>\n<p style=\"text-align: left;\"><strong>Dimensioni \/ Kompozicioni:<\/strong> 1000ml<\/p>\n<p style=\"text-align: left;\"><strong>NGJYRA:<\/strong> Kalt\u00ebr, zez\u00eb<\/p>\n<p style=\"text-align: left;\"><strong>MATERIALI:<\/strong> Porcelan<\/p>\n<p style=\"text-align: left;\"><strong>UDH\u00cbZIMET E P\u00cbRDORIMIT:<\/strong> T\u00eb lahet me dor\u00eb<\/p>\n<p style=\"text-align: left;\"><strong>KUSHTET E KTHIMIT \/ GARANCION:<\/strong> P\u00ebr k\u00ebt\u00eb produkt pranohet reklamacion brenda 24 or\u00ebve pasi t\u00eb pranoni porosin\u00eb.<\/p>\n<p style=\"text-align: left;\"><span style=\"color: #ffffff;\">3907489240590<\/span><\/p>\n<\/div>\n","protected":false},"featured_media":60252,"template":"","meta":[],"product_cat":[151,55,57],"product_tag":[],"_links":{"self":[{"href":"https:\/\/www.comoditahome.com\/al\/wp-json\/wp\/v2\/product\/60039"}],"collection":[{"href":"https:\/\/www.comoditahome.com\/al\/wp-json\/wp\/v2\/product"}],"about":[{"href":"https:\/\/www.comoditahome.com\/al\/wp-json\/wp\/v2\/types\/product"}],"version-history":[{"count":1,"href":"https:\/\/www.comoditahome.com\/al\/wp-json\/wp\/v2\/product\/60039\/revisions"}],"predecessor-version":[{"id":60255,"href":"https:\/\/www.comoditahome.com\/al\/wp-json\/wp\/v2\/product\/60039\/revisions\/60255"}],"wp:featuredmedia":[{"embeddable":true,"href":"https:\/\/www.comoditahome.com\/al\/wp-json\/wp\/v2\/media\/60252"}],"wp:attachment":[{"href":"https:\/\/www.comoditahome.com\/al\/wp-json\/wp\/v2\/media?parent=60039"}],"wp:term":[{"taxonomy":"product_cat","embeddable":true,"href":"https:\/\/www.comoditahome.com\/al\/wp-json\/wp\/v2\/product_cat?post=60039"},{"taxonomy":"product_tag","embeddable":true,"href":"https:\/\/www.comoditahome.com\/al\/wp-json\/wp\/v2\/product_tag?post=60039"}],"curies":[{"name":"wp","href":"https:\/\/api.w.org\/{rel}","templated":true}]}}