 {"id":60041,"date":"2023-02-14T11:04:05","date_gmt":"2023-02-14T09:04:05","guid":{"rendered":"https:\/\/www.comoditahome.com\/al\/product\/pjat-supe-porglaze-earth-dark\/"},"modified":"2026-03-02T09:11:41","modified_gmt":"2026-03-02T07:11:41","slug":"pjat-supe-porglaze-earth-dark","status":"publish","type":"product","link":"https:\/\/www.comoditahome.com\/al\/product\/pjat-supe-porglaze-earth-dark\/","title":{"rendered":"Pjat\u00eb supe Porglaze Earth Dark"},"content":{"rendered":"","protected":false},"excerpt":{"rendered":"<div class=\"woocommerce-product-details__short-description\">\n<p style=\"text-align: left;\">Pjat\u00eb supe nga linja Porglaze Earth Dark, e cila p\u00ebrdoret p\u00ebr servim t\u00eb sup\u00ebs por q\u00eb mund t\u00eb sh\u00ebrbehen edhe ushqime tjera t\u00eb l\u00ebngshme.<\/p>\n<p style=\"text-align: left;\"><strong>Dimensioni \/ Kompozicioni:<\/strong> 21cm<\/p>\n<p style=\"text-align: left;\"><strong>NGJYRA:<\/strong> Kalt\u00ebr, zez\u00eb<\/p>\n<p style=\"text-align: left;\"><strong>MATERIALI:<\/strong> Porcelan<\/p>\n<p style=\"text-align: left;\"><strong>UDH\u00cbZIMET E P\u00cbRDORIMIT:<\/strong> T\u00eb lahet me dor\u00eb<\/p>\n<p style=\"text-align: left;\"><strong>KUSHTET E KTHIMIT \/ GARANCION:<\/strong> P\u00ebr k\u00ebt\u00eb produkt pranohet reklamacion brenda 24 or\u00ebve pasi t\u00eb pranoni porosin\u00eb.<\/p>\n<p style=\"text-align: left;\"><span style=\"color: #ffffff;\">3907489240736<\/span><\/p>\n<\/div>\n","protected":false},"featured_media":60208,"template":"","meta":[],"product_cat":[55,63,57],"product_tag":[],"_links":{"self":[{"href":"https:\/\/www.comoditahome.com\/al\/wp-json\/wp\/v2\/product\/60041"}],"collection":[{"href":"https:\/\/www.comoditahome.com\/al\/wp-json\/wp\/v2\/product"}],"about":[{"href":"https:\/\/www.comoditahome.com\/al\/wp-json\/wp\/v2\/types\/product"}],"version-history":[{"count":1,"href":"https:\/\/www.comoditahome.com\/al\/wp-json\/wp\/v2\/product\/60041\/revisions"}],"predecessor-version":[{"id":60211,"href":"https:\/\/www.comoditahome.com\/al\/wp-json\/wp\/v2\/product\/60041\/revisions\/60211"}],"wp:featuredmedia":[{"embeddable":true,"href":"https:\/\/www.comoditahome.com\/al\/wp-json\/wp\/v2\/media\/60208"}],"wp:attachment":[{"href":"https:\/\/www.comoditahome.com\/al\/wp-json\/wp\/v2\/media?parent=60041"}],"wp:term":[{"taxonomy":"product_cat","embeddable":true,"href":"https:\/\/www.comoditahome.com\/al\/wp-json\/wp\/v2\/product_cat?post=60041"},{"taxonomy":"product_tag","embeddable":true,"href":"https:\/\/www.comoditahome.com\/al\/wp-json\/wp\/v2\/product_tag?post=60041"}],"curies":[{"name":"wp","href":"https:\/\/api.w.org\/{rel}","templated":true}]}}