 {"id":60044,"date":"2023-02-14T11:04:05","date_gmt":"2023-02-14T09:04:05","guid":{"rendered":"https:\/\/www.comoditahome.com\/al\/product\/mbajtse-erzash-bambuco\/"},"modified":"2026-04-09T11:55:03","modified_gmt":"2026-04-09T09:55:03","slug":"mbajtse-erzash-bambuco","status":"publish","type":"product","link":"https:\/\/www.comoditahome.com\/al\/product\/mbajtse-erzash-bambuco\/","title":{"rendered":"Mbajt\u00ebse er\u00ebzash Bambuco"},"content":{"rendered":"","protected":false},"excerpt":{"rendered":"<div class=\"woocommerce-product-details__short-description\">\n<p style=\"text-align: left;\">Set p\u00ebr mbajtjen e er\u00ebzave nga linja Bambuco . Me nj\u00eb dizajn minimalist, me material t\u00eb kombinuar t\u00eb porcelanit dhe drurit te bambus, ju i jepni sharm kuzhin\u00ebs tuaj<\/p>\n<p style=\"text-align: left;\"><strong>Dimensioni \/ Kompozicioni:<\/strong> Seti ka 5 pjes\u00eb: 2 mbajt\u00ebse er\u00ebzash me 2 kapak\u00eb porcelani dhe 1 tabak\u00eb druri t\u00eb bashkangjitur.<\/p>\n<p style=\"text-align: left;\"><strong>NGJYRA:<\/strong> Bardh\u00eb<\/p>\n<p style=\"text-align: left;\"><strong>MATERIALI:<\/strong> Porcelan me mbajt\u00ebse nga druri i Bambus\u00eb<\/p>\n<p style=\"text-align: left;\"><strong>UDH\u00cbZIMET E P\u00cbRDORIMIT:<\/strong> T\u00eb pastrohet me dor\u00eb<\/p>\n<p style=\"text-align: left;\"><strong>KUSHTET E KTHIMIT \/ GARANCION:<\/strong> P\u00ebr k\u00ebt\u00eb produkt pranohet reklamacion brenda 24 or\u00ebve pasi t\u00eb pranoni porosin\u00eb.<\/p>\n<p style=\"text-align: left;\"><span style=\"color: #ffffff;\">5310233000995<\/span><\/p>\n<\/div>\n","protected":false},"featured_media":60194,"template":"","meta":[],"product_cat":[151,55,57],"product_tag":[],"_links":{"self":[{"href":"https:\/\/www.comoditahome.com\/al\/wp-json\/wp\/v2\/product\/60044"}],"collection":[{"href":"https:\/\/www.comoditahome.com\/al\/wp-json\/wp\/v2\/product"}],"about":[{"href":"https:\/\/www.comoditahome.com\/al\/wp-json\/wp\/v2\/types\/product"}],"version-history":[{"count":2,"href":"https:\/\/www.comoditahome.com\/al\/wp-json\/wp\/v2\/product\/60044\/revisions"}],"predecessor-version":[{"id":60206,"href":"https:\/\/www.comoditahome.com\/al\/wp-json\/wp\/v2\/product\/60044\/revisions\/60206"}],"wp:featuredmedia":[{"embeddable":true,"href":"https:\/\/www.comoditahome.com\/al\/wp-json\/wp\/v2\/media\/60194"}],"wp:attachment":[{"href":"https:\/\/www.comoditahome.com\/al\/wp-json\/wp\/v2\/media?parent=60044"}],"wp:term":[{"taxonomy":"product_cat","embeddable":true,"href":"https:\/\/www.comoditahome.com\/al\/wp-json\/wp\/v2\/product_cat?post=60044"},{"taxonomy":"product_tag","embeddable":true,"href":"https:\/\/www.comoditahome.com\/al\/wp-json\/wp\/v2\/product_tag?post=60044"}],"curies":[{"name":"wp","href":"https:\/\/api.w.org\/{rel}","templated":true}]}}