 {"id":60048,"date":"2023-02-14T11:04:06","date_gmt":"2023-02-14T09:04:06","guid":{"rendered":"https:\/\/www.comoditahome.com\/al\/product\/tabak-shrbimi-bambuco\/"},"modified":"2026-04-09T11:55:03","modified_gmt":"2026-04-09T09:55:03","slug":"tabak-shrbimi-bambuco","status":"publish","type":"product","link":"https:\/\/www.comoditahome.com\/al\/product\/tabak-shrbimi-bambuco\/","title":{"rendered":"Tabak sh\u00ebrbimi Bambuco"},"content":{"rendered":"","protected":false},"excerpt":{"rendered":"<div class=\"woocommerce-product-details__short-description\">\n<p style=\"text-align: left;\">Tabak sh\u00ebrbimi nga linja Bambuco. Me dizajn minimalist, ky tabak vjen i p\u00ebrb\u00ebr\u00eb me material t\u00eb drurit te bambus, dru i cili \u00ebsht\u00eb rezistent ndaj lag\u00ebshtis\u00eb dhe ka nj\u00eb pamje t\u00eb ngroht\u00eb. Sh\u00ebrbeni m\u00eb t\u00eb dashurit tuaj me eleganc\u00eb.<\/p>\n<p style=\"text-align: left;\"><strong>Dimensioni \/ Kompozicioni:<\/strong> 42x29cm<\/p>\n<p style=\"text-align: left;\"><strong>NGJYRA:<\/strong> Kafe<\/p>\n<p style=\"text-align: left;\"><strong>MATERIALI:<\/strong> Dru bambu<\/p>\n<p style=\"text-align: left;\"><strong>UDH\u00cbZIMET E P\u00cbRDORIMIT:<\/strong> T\u00eb lahet me dor\u00eb<\/p>\n<p style=\"text-align: left;\"><strong>KUSHTET E KTHIMIT \/ GARANCION:<\/strong> P\u00ebr k\u00ebt\u00eb produkt pranohet reklamacion brenda 24 or\u00ebve pasi t\u00eb pranoni porosin\u00eb.<\/p>\n<p style=\"text-align: left;\"><span style=\"color: #ffffff;\">5310233006256<\/span><\/p>\n<\/div>\n","protected":false},"featured_media":60158,"template":"","meta":[],"product_cat":[60,57],"product_tag":[],"_links":{"self":[{"href":"https:\/\/www.comoditahome.com\/al\/wp-json\/wp\/v2\/product\/60048"}],"collection":[{"href":"https:\/\/www.comoditahome.com\/al\/wp-json\/wp\/v2\/product"}],"about":[{"href":"https:\/\/www.comoditahome.com\/al\/wp-json\/wp\/v2\/types\/product"}],"version-history":[{"count":2,"href":"https:\/\/www.comoditahome.com\/al\/wp-json\/wp\/v2\/product\/60048\/revisions"}],"predecessor-version":[{"id":60163,"href":"https:\/\/www.comoditahome.com\/al\/wp-json\/wp\/v2\/product\/60048\/revisions\/60163"}],"wp:featuredmedia":[{"embeddable":true,"href":"https:\/\/www.comoditahome.com\/al\/wp-json\/wp\/v2\/media\/60158"}],"wp:attachment":[{"href":"https:\/\/www.comoditahome.com\/al\/wp-json\/wp\/v2\/media?parent=60048"}],"wp:term":[{"taxonomy":"product_cat","embeddable":true,"href":"https:\/\/www.comoditahome.com\/al\/wp-json\/wp\/v2\/product_cat?post=60048"},{"taxonomy":"product_tag","embeddable":true,"href":"https:\/\/www.comoditahome.com\/al\/wp-json\/wp\/v2\/product_tag?post=60048"}],"curies":[{"name":"wp","href":"https:\/\/api.w.org\/{rel}","templated":true}]}}