 {"id":60051,"date":"2023-02-14T11:04:06","date_gmt":"2023-02-14T09:04:06","guid":{"rendered":"https:\/\/www.comoditahome.com\/al\/product\/set-gotash-pr-lngje-splendour\/"},"modified":"2026-04-23T09:00:31","modified_gmt":"2026-04-23T07:00:31","slug":"set-gotash-pr-lngje-splendour","status":"publish","type":"product","link":"https:\/\/www.comoditahome.com\/al\/product\/set-gotash-pr-lngje-splendour\/","title":{"rendered":"Set gotash p\u00ebr l\u00ebngje Splendour"},"content":{"rendered":"","protected":false},"excerpt":{"rendered":"<div class=\"woocommerce-product-details__short-description\">\n<p style=\"text-align: left;\">Set i gotave p\u00ebr l\u00ebngje Splendour p\u00ebrb\u00ebhet nga 6 copa dhe vjen n\u00eb form\u00eb klasike dhe me ngjyr\u00eb transparente. P\u00ebrb\u00ebhet nga materiali i qelqit t\u00eb past\u00ebri past\u00ebr, q\u00eb njihet p\u00ebr q\u00ebndrueshm\u00ebri t\u00eb lart\u00eb ndaj thyerjes apo krisjes. L\u00ebngjet tuaja t\u00eb preferuara, lezetsh\u00ebm pihen nga kjo got\u00eb.<\/p>\n<p style=\"text-align: left;\"><strong>Dimensioni \/ Kompozicioni:<\/strong> Seti ka 6 gota me 400ml<\/p>\n<p style=\"text-align: left;\"><strong>NGJYRA:<\/strong> Transparente<\/p>\n<p style=\"text-align: left;\"><strong>MATERIALI:<\/strong> Xham<\/p>\n<p style=\"text-align: left;\"><strong>UDH\u00cbZIMET E P\u00cbRDORIMIT:<\/strong> T\u00eb lahet me dor\u00eb ose n\u00eb en\u00eb lar\u00ebse<\/p>\n<p style=\"text-align: left;\"><strong>KUSHTET E KTHIMIT \/ GARANCION:<\/strong> P\u00ebr k\u00ebt\u00eb produkt pranohet reklamacion brenda 24 or\u00ebve pasi t\u00eb pranoni porosin\u00eb.<\/p>\n<p style=\"text-align: left;\"><span style=\"color: #ffffff;\">\u00a0<\/span><\/p>\n<\/div>\n","protected":false},"featured_media":60177,"template":"","meta":[],"product_cat":[151,55,95,57],"product_tag":[],"_links":{"self":[{"href":"https:\/\/www.comoditahome.com\/al\/wp-json\/wp\/v2\/product\/60051"}],"collection":[{"href":"https:\/\/www.comoditahome.com\/al\/wp-json\/wp\/v2\/product"}],"about":[{"href":"https:\/\/www.comoditahome.com\/al\/wp-json\/wp\/v2\/types\/product"}],"version-history":[{"count":3,"href":"https:\/\/www.comoditahome.com\/al\/wp-json\/wp\/v2\/product\/60051\/revisions"}],"predecessor-version":[{"id":69088,"href":"https:\/\/www.comoditahome.com\/al\/wp-json\/wp\/v2\/product\/60051\/revisions\/69088"}],"wp:featuredmedia":[{"embeddable":true,"href":"https:\/\/www.comoditahome.com\/al\/wp-json\/wp\/v2\/media\/60177"}],"wp:attachment":[{"href":"https:\/\/www.comoditahome.com\/al\/wp-json\/wp\/v2\/media?parent=60051"}],"wp:term":[{"taxonomy":"product_cat","embeddable":true,"href":"https:\/\/www.comoditahome.com\/al\/wp-json\/wp\/v2\/product_cat?post=60051"},{"taxonomy":"product_tag","embeddable":true,"href":"https:\/\/www.comoditahome.com\/al\/wp-json\/wp\/v2\/product_tag?post=60051"}],"curies":[{"name":"wp","href":"https:\/\/api.w.org\/{rel}","templated":true}]}}