 {"id":60055,"date":"2023-02-14T11:04:07","date_gmt":"2023-02-14T09:04:07","guid":{"rendered":"https:\/\/www.comoditahome.com\/al\/product\/shrbyese-pr-krip-piper-dhe-peceta-2\/"},"modified":"2026-05-02T20:07:29","modified_gmt":"2026-05-02T18:07:29","slug":"shrbyese-pr-krip-piper-dhe-peceta-2","status":"publish","type":"product","link":"https:\/\/www.comoditahome.com\/al\/product\/shrbyese-pr-krip-piper-dhe-peceta-2\/","title":{"rendered":"Sh\u00ebrbyese p\u00ebr krip\u00eb\/piper dhe peceta"},"content":{"rendered":"","protected":false},"excerpt":{"rendered":"<div class=\"woocommerce-product-details__short-description\">\n<p style=\"text-align: left;\">Sh\u00ebrbyese p\u00ebr krip\u00eb\/piper dhe peceta nga linja Bambuco. Me nj\u00eb dizajn minimalist, me material t\u00eb kombinuar t\u00eb porcelanit dhe drurit te bambus, ju i jepni eleganc\u00eb tryez\u00ebs tuaj<\/p>\n<p style=\"text-align: left;\"><strong>Dimensioni \/ Kompozicioni:<\/strong> Seti ka 4 pjes\u00eb: 2 sh\u00ebrbyese p\u00ebr krip dhe piper, 1 mbajt\u00ebse p\u00ebr peceta dhe 1 tabak\u00eb druri t\u00eb bashkangjitur.<\/p>\n<p style=\"text-align: left;\"><strong>NGJYRA:<\/strong> Bardh\u00eb<\/p>\n<p style=\"text-align: left;\"><strong>MATERIALI:<\/strong> Porcelan me mbajt\u00ebse nga druri i Bambus\u00eb<\/p>\n<p style=\"text-align: left;\"><strong>UDH\u00cbZIMET E P\u00cbRDORIMIT:<\/strong> T\u00eb pastrohet me dor\u00eb<\/p>\n<p style=\"text-align: left;\"><strong>KUSHTET E KTHIMIT \/ GARANCION:<\/strong> P\u00ebr k\u00ebt\u00eb produkt pranohet reklamacion brenda 24 or\u00ebve pasi t\u00eb pranoni porosin\u00eb.<\/p>\n<p style=\"text-align: left;\"><span style=\"color: #ffffff;\">5310233001152<\/span><\/p>\n<\/div>\n","protected":false},"featured_media":60132,"template":"","meta":[],"product_cat":[15,151,55,57],"product_tag":[],"_links":{"self":[{"href":"https:\/\/www.comoditahome.com\/al\/wp-json\/wp\/v2\/product\/60055"}],"collection":[{"href":"https:\/\/www.comoditahome.com\/al\/wp-json\/wp\/v2\/product"}],"about":[{"href":"https:\/\/www.comoditahome.com\/al\/wp-json\/wp\/v2\/types\/product"}],"version-history":[{"count":1,"href":"https:\/\/www.comoditahome.com\/al\/wp-json\/wp\/v2\/product\/60055\/revisions"}],"predecessor-version":[{"id":60136,"href":"https:\/\/www.comoditahome.com\/al\/wp-json\/wp\/v2\/product\/60055\/revisions\/60136"}],"wp:featuredmedia":[{"embeddable":true,"href":"https:\/\/www.comoditahome.com\/al\/wp-json\/wp\/v2\/media\/60132"}],"wp:attachment":[{"href":"https:\/\/www.comoditahome.com\/al\/wp-json\/wp\/v2\/media?parent=60055"}],"wp:term":[{"taxonomy":"product_cat","embeddable":true,"href":"https:\/\/www.comoditahome.com\/al\/wp-json\/wp\/v2\/product_cat?post=60055"},{"taxonomy":"product_tag","embeddable":true,"href":"https:\/\/www.comoditahome.com\/al\/wp-json\/wp\/v2\/product_tag?post=60055"}],"curies":[{"name":"wp","href":"https:\/\/api.w.org\/{rel}","templated":true}]}}