 {"id":60057,"date":"2023-02-14T11:04:07","date_gmt":"2023-02-14T09:04:07","guid":{"rendered":"https:\/\/www.comoditahome.com\/al\/product\/tabak-shrbimi-bambuco-2\/"},"modified":"2026-05-07T09:34:19","modified_gmt":"2026-05-07T07:34:19","slug":"tabak-shrbimi-bambuco-2","status":"publish","type":"product","link":"https:\/\/www.comoditahome.com\/al\/product\/tabak-shrbimi-bambuco-2\/","title":{"rendered":"Tabak sh\u00ebrbimi Bambuco"},"content":{"rendered":"","protected":false},"excerpt":{"rendered":"<div class=\"woocommerce-product-details__short-description\">\n<p style=\"text-align: left;\">Tabak sh\u00ebrbimi me kapak nga linja Bamboo n\u00eb form\u00eb t\u00eb rrumbullak\u00ebt 32CM. Tabaku \u00ebsht\u00eb I p\u00ebrb\u00ebr\u00eb nga materiali i drurit t\u00eb bambus, dru I cili \u00ebsht\u00eb rezistent ndaj lag\u00ebshtis\u00eb dhe ka nj\u00eb pamje t\u00eb ngroht\u00eb. Kapaku vjen me material t\u00eb plastikes me cil\u00ebsi t\u00eb lart\u00eb, q\u00eb \u00ebshte I leht\u00eb p\u00ebr pastrim dhe mban\u00eb ushqimin tuaj ngroht\u00eb.<\/p>\n<p style=\"text-align: left;\"><strong>Dimensioni \/ Kompozicioni:<\/strong> 32cm<\/p>\n<p style=\"text-align: left;\"><strong>NGJYRA:<\/strong> Kafe<\/p>\n<p style=\"text-align: left;\"><strong>MATERIALI:<\/strong> Plastik\u00eb dhe dru<\/p>\n<p style=\"text-align: left;\"><strong>UDH\u00cbZIMET E P\u00cbRDORIMIT:<\/strong> T\u00eb pastrohet me dor\u00eb<\/p>\n<p style=\"text-align: left;\"><strong>KUSHTET E KTHIMIT \/ GARANCION:<\/strong> P\u00ebr k\u00ebt\u00eb produkt pranohet reklamacion brenda 24 or\u00ebve pasi t\u00eb pranoni porosin\u00eb.<\/p>\n<p style=\"text-align: left;\"><span style=\"color: #ffffff;\">5310233006294<\/span><\/p>\n<\/div>\n","protected":false},"featured_media":60147,"template":"","meta":[],"product_cat":[15,55,60,57],"product_tag":[],"_links":{"self":[{"href":"https:\/\/www.comoditahome.com\/al\/wp-json\/wp\/v2\/product\/60057"}],"collection":[{"href":"https:\/\/www.comoditahome.com\/al\/wp-json\/wp\/v2\/product"}],"about":[{"href":"https:\/\/www.comoditahome.com\/al\/wp-json\/wp\/v2\/types\/product"}],"version-history":[{"count":1,"href":"https:\/\/www.comoditahome.com\/al\/wp-json\/wp\/v2\/product\/60057\/revisions"}],"predecessor-version":[{"id":60150,"href":"https:\/\/www.comoditahome.com\/al\/wp-json\/wp\/v2\/product\/60057\/revisions\/60150"}],"wp:featuredmedia":[{"embeddable":true,"href":"https:\/\/www.comoditahome.com\/al\/wp-json\/wp\/v2\/media\/60147"}],"wp:attachment":[{"href":"https:\/\/www.comoditahome.com\/al\/wp-json\/wp\/v2\/media?parent=60057"}],"wp:term":[{"taxonomy":"product_cat","embeddable":true,"href":"https:\/\/www.comoditahome.com\/al\/wp-json\/wp\/v2\/product_cat?post=60057"},{"taxonomy":"product_tag","embeddable":true,"href":"https:\/\/www.comoditahome.com\/al\/wp-json\/wp\/v2\/product_tag?post=60057"}],"curies":[{"name":"wp","href":"https:\/\/api.w.org\/{rel}","templated":true}]}}