 {"id":60061,"date":"2023-02-14T11:04:08","date_gmt":"2023-02-14T09:04:08","guid":{"rendered":"https:\/\/www.comoditahome.com\/al\/product\/set-filxhansh-kafeje-elizabeth\/"},"modified":"2026-04-09T11:55:04","modified_gmt":"2026-04-09T09:55:04","slug":"set-filxhansh-kafeje-elizabeth","status":"publish","type":"product","link":"https:\/\/www.comoditahome.com\/al\/product\/set-filxhansh-kafeje-elizabeth\/","title":{"rendered":"Set filxhan\u00ebsh kafeje Elizabeth"},"content":{"rendered":"","protected":false},"excerpt":{"rendered":"<div class=\"woocommerce-product-details__short-description\">\n<p style=\"text-align: left;\">Seti i filxhan\u00ebve t\u00eb kaf\u00ebs Elizabeth prezanton form\u00ebn e ve\u00e7ant\u00eb t\u00eb hijeshis\u00eb aristokrate me t\u00eb cil\u00ebn servimi i kaf\u00ebs b\u00ebhet i paharruesh\u00ebm. Filxhan\u00ebt e k\u00ebtij seti kan\u00eb t\u00eb konturuara lule elegante n\u00eb sip\u00ebrfaqe t\u00eb art\u00eb n\u00eb pjes\u00ebn e sip\u00ebrme t\u00eb filxhanit. Mbajt\u00ebsja e tyre \u00ebsht\u00eb e q\u00ebndrushme, nd\u00ebrsa forma e filxhanit e rrumbullakosur lejojn\u00eb arom\u00ebn e kafes t\u00eb ekspozohet natyrsh\u00ebm. Materiali i fort\u00eb i porcelanit t\u00eb bardh\u00eb e b\u00ebn\u00eb k\u00ebt\u00eb set jet\u00ebgjat\u00eb dhe shum\u00eb t\u00eb leht\u00eb p\u00ebr t\u2019u mir\u00ebmbajtur.<\/p>\n<p style=\"text-align: left;\"><strong>Dimensioni \/ Kompozicioni:<\/strong> 100ml, 12 pjes\u00eb: 6x filxhan\u00eb, 6x pjat\u00ebza<\/p>\n<p style=\"text-align: left;\"><strong>NGJYRA:<\/strong> Me dizajn<\/p>\n<p style=\"text-align: left;\"><strong>MATERIALI:<\/strong> Porcelan<\/p>\n<p style=\"text-align: left;\"><strong>UDH\u00cbZIMET E P\u00cbRDORIMIT:<\/strong> T\u00eb pastrohet me dor\u00eb<\/p>\n<p style=\"text-align: left;\"><strong>KUSHTET E KTHIMIT \/ GARANCION:<\/strong> P\u00ebr k\u00ebt\u00eb produkt pranohet reklamacion brenda 24 or\u00ebve pasi t\u00eb pranoni porosin\u00eb.<\/p>\n<p style=\"text-align: left;\"><span style=\"color: #ffffff;\">3907489160874<\/span><\/p>\n<\/div>\n","protected":false},"featured_media":60107,"template":"","meta":[],"product_cat":[62,55,57],"product_tag":[],"_links":{"self":[{"href":"https:\/\/www.comoditahome.com\/al\/wp-json\/wp\/v2\/product\/60061"}],"collection":[{"href":"https:\/\/www.comoditahome.com\/al\/wp-json\/wp\/v2\/product"}],"about":[{"href":"https:\/\/www.comoditahome.com\/al\/wp-json\/wp\/v2\/types\/product"}],"version-history":[{"count":1,"href":"https:\/\/www.comoditahome.com\/al\/wp-json\/wp\/v2\/product\/60061\/revisions"}],"predecessor-version":[{"id":60110,"href":"https:\/\/www.comoditahome.com\/al\/wp-json\/wp\/v2\/product\/60061\/revisions\/60110"}],"wp:featuredmedia":[{"embeddable":true,"href":"https:\/\/www.comoditahome.com\/al\/wp-json\/wp\/v2\/media\/60107"}],"wp:attachment":[{"href":"https:\/\/www.comoditahome.com\/al\/wp-json\/wp\/v2\/media?parent=60061"}],"wp:term":[{"taxonomy":"product_cat","embeddable":true,"href":"https:\/\/www.comoditahome.com\/al\/wp-json\/wp\/v2\/product_cat?post=60061"},{"taxonomy":"product_tag","embeddable":true,"href":"https:\/\/www.comoditahome.com\/al\/wp-json\/wp\/v2\/product_tag?post=60061"}],"curies":[{"name":"wp","href":"https:\/\/api.w.org\/{rel}","templated":true}]}}