 {"id":60063,"date":"2023-02-14T11:04:08","date_gmt":"2023-02-14T09:04:08","guid":{"rendered":"https:\/\/www.comoditahome.com\/al\/product\/set-filxhansh-kafeje-t-gurit\/"},"modified":"2026-03-02T09:11:43","modified_gmt":"2026-03-02T07:11:43","slug":"set-filxhansh-kafeje-t-gurit","status":"publish","type":"product","link":"https:\/\/www.comoditahome.com\/al\/product\/set-filxhansh-kafeje-t-gurit\/","title":{"rendered":"Set filxhan\u00ebsh kafeje t\u00eb gurit"},"content":{"rendered":"","protected":false},"excerpt":{"rendered":"<div class=\"woocommerce-product-details__short-description\">\n<p style=\"text-align: left;\">Seti i filxhan\u00ebve p\u00ebr kafe nga linja Stone Ware, vjen n\u00eb madh\u00ebsi t\u00eb mesme i p\u00ebrkryer p\u00ebr servimin e kafes\u00eb. Dizajni minimal dhe ngjyrimi n\u00eb tekstur\u00ebn prej guri, e b\u00ebn k\u00ebt\u00eb set tejet modern.<\/p>\n<p style=\"text-align: left;\"><strong>Dimensioni \/ Kompozicioni:<\/strong> 150ml, 12 pjes\u00eb: 6x filxhan\u00eb, 6x pjat\u00ebza<\/p>\n<p style=\"text-align: left;\"><strong>NGJYRA:<\/strong> Kafe<\/p>\n<p style=\"text-align: left;\"><strong>MATERIALI:<\/strong> Gur\u00eb<\/p>\n<p style=\"text-align: left;\"><strong>UDH\u00cbZIMET E P\u00cbRDORIMIT:<\/strong> T\u00eb pastrohet me dor\u00eb ose n\u00eb en\u00eb lar\u00ebse<\/p>\n<p style=\"text-align: left;\"><strong>KUSHTET E KTHIMIT \/ GARANCION:<\/strong> P\u00ebr k\u00ebt\u00eb produkt pranohet reklamacion brenda 24 or\u00ebve pasi t\u00eb pranoni porosin\u00eb.<\/p>\n<p style=\"text-align: left;\"><span style=\"color: #ffffff;\">5310233002159<\/span><\/p>\n<\/div>\n","protected":false},"featured_media":60103,"template":"","meta":[],"product_cat":[62,55,57],"product_tag":[],"_links":{"self":[{"href":"https:\/\/www.comoditahome.com\/al\/wp-json\/wp\/v2\/product\/60063"}],"collection":[{"href":"https:\/\/www.comoditahome.com\/al\/wp-json\/wp\/v2\/product"}],"about":[{"href":"https:\/\/www.comoditahome.com\/al\/wp-json\/wp\/v2\/types\/product"}],"version-history":[{"count":1,"href":"https:\/\/www.comoditahome.com\/al\/wp-json\/wp\/v2\/product\/60063\/revisions"}],"predecessor-version":[{"id":60106,"href":"https:\/\/www.comoditahome.com\/al\/wp-json\/wp\/v2\/product\/60063\/revisions\/60106"}],"wp:featuredmedia":[{"embeddable":true,"href":"https:\/\/www.comoditahome.com\/al\/wp-json\/wp\/v2\/media\/60103"}],"wp:attachment":[{"href":"https:\/\/www.comoditahome.com\/al\/wp-json\/wp\/v2\/media?parent=60063"}],"wp:term":[{"taxonomy":"product_cat","embeddable":true,"href":"https:\/\/www.comoditahome.com\/al\/wp-json\/wp\/v2\/product_cat?post=60063"},{"taxonomy":"product_tag","embeddable":true,"href":"https:\/\/www.comoditahome.com\/al\/wp-json\/wp\/v2\/product_tag?post=60063"}],"curies":[{"name":"wp","href":"https:\/\/api.w.org\/{rel}","templated":true}]}}