 {"id":60066,"date":"2023-02-14T11:04:09","date_gmt":"2023-02-14T09:04:09","guid":{"rendered":"https:\/\/www.comoditahome.com\/al\/product\/mbajtse-erzash-bambuco-4\/"},"modified":"2026-04-09T11:55:04","modified_gmt":"2026-04-09T09:55:04","slug":"mbajtse-erzash-bambuco-4","status":"publish","type":"product","link":"https:\/\/www.comoditahome.com\/al\/product\/mbajtse-erzash-bambuco-4\/","title":{"rendered":"Mbajt\u00ebse er\u00ebzash Bambuco"},"content":{"rendered":"","protected":false},"excerpt":{"rendered":"<div class=\"woocommerce-product-details__short-description\">\n<p style=\"text-align: left;\">Seti p\u00ebr mbajtjen e er\u00ebzave nga linja Bambuco, vjen me nj\u00eb dizajn modern t\u00eb gravimit, me material t\u00eb kombinuar t\u00eb porcelanit dhe drurit te bambus t\u00eb kualitetit t\u00eb lart\u00eb. Me k\u00ebt\u00eb set, ju i jepni sharm kuzhin\u00ebs tuaj<\/p>\n<p style=\"text-align: left;\"><strong>Dimensioni \/ Kompozicioni:<\/strong> Seti ka 7 pjes\u00eb, 3 mbajt\u00ebse me 3 kapak\u00eb druri dhe me tabak\u00eb t\u00eb bashkangjitur.<\/p>\n<p style=\"text-align: left;\"><strong>NGJYRA:<\/strong> Bardh\u00eb<\/p>\n<p style=\"text-align: left;\"><strong>MATERIALI:<\/strong> Porcelan dhe dru<\/p>\n<p style=\"text-align: left;\"><strong>UDH\u00cbZIMET E P\u00cbRDORIMIT:<\/strong> T\u00eb pastrohen me dor\u00eb<\/p>\n<p style=\"text-align: left;\"><strong>KUSHTET E KTHIMIT \/ GARANCION:<\/strong> P\u00ebr k\u00ebt\u00eb produkt pranohet reklamacion brenda 24 or\u00ebve pasi t\u00eb pranoni porosin\u00eb.<\/p>\n<p style=\"text-align: left;\"><span style=\"color: #ffffff;\">5310233006195<\/span><\/p>\n<\/div>\n","protected":false},"featured_media":60088,"template":"","meta":[],"product_cat":[151,55],"product_tag":[],"_links":{"self":[{"href":"https:\/\/www.comoditahome.com\/al\/wp-json\/wp\/v2\/product\/60066"}],"collection":[{"href":"https:\/\/www.comoditahome.com\/al\/wp-json\/wp\/v2\/product"}],"about":[{"href":"https:\/\/www.comoditahome.com\/al\/wp-json\/wp\/v2\/types\/product"}],"version-history":[{"count":5,"href":"https:\/\/www.comoditahome.com\/al\/wp-json\/wp\/v2\/product\/60066\/revisions"}],"predecessor-version":[{"id":60097,"href":"https:\/\/www.comoditahome.com\/al\/wp-json\/wp\/v2\/product\/60066\/revisions\/60097"}],"wp:featuredmedia":[{"embeddable":true,"href":"https:\/\/www.comoditahome.com\/al\/wp-json\/wp\/v2\/media\/60088"}],"wp:attachment":[{"href":"https:\/\/www.comoditahome.com\/al\/wp-json\/wp\/v2\/media?parent=60066"}],"wp:term":[{"taxonomy":"product_cat","embeddable":true,"href":"https:\/\/www.comoditahome.com\/al\/wp-json\/wp\/v2\/product_cat?post=60066"},{"taxonomy":"product_tag","embeddable":true,"href":"https:\/\/www.comoditahome.com\/al\/wp-json\/wp\/v2\/product_tag?post=60066"}],"curies":[{"name":"wp","href":"https:\/\/api.w.org\/{rel}","templated":true}]}}