 {"id":66782,"date":"2023-03-30T11:24:40","date_gmt":"2023-03-30T09:24:40","guid":{"rendered":"https:\/\/www.comoditahome.com\/al\/?post_type=product&#038;p=66782"},"modified":"2026-03-02T09:11:44","modified_gmt":"2026-03-02T07:11:44","slug":"set-carcafesh-daisy-terra-per-dy-persona","status":"publish","type":"product","link":"https:\/\/www.comoditahome.com\/al\/product\/set-carcafesh-daisy-terra-per-dy-persona\/","title":{"rendered":"Set \u00e7ar\u00e7af\u00ebsh Daisy Terra p\u00ebr dy persona"},"content":{"rendered":"","protected":false},"excerpt":{"rendered":"<p style=\"text-align: left;\">Seti i \u00e7ar\u00e7af\u00ebve Daisy Terra dallohet p\u00ebr modelin klasik, q\u00eb i shton shije moderne dhom\u00ebs suaj t\u00eb gjumit.Ky set \u00e7ar\u00e7af\u00ebsh ju mund\u00ebson ambient higjenik larg alergjive dhe bakterieve.<br \/>\n<strong>Dimensioni \/ Kompozicioni:<\/strong> Set me 4 pjes\u00eb: 1x k\u00ebll\u00ebf jorgani 200x220cm, 1x \u00e7ar\u00e7af i dyshekut 240x260cm, 2x k\u00ebll\u00ebf jast\u00ebk\u00ebsh 50x70cm<br \/>\n<strong>NGJYRA:<\/strong> Me dizajn<br \/>\n<strong>MATERIALI:<\/strong> Popline<br \/>\n<strong>UDH\u00cbZIMET E P\u00cbRDORIMIT:<\/strong> N\u00eb makin\u00eb lar\u00ebse 30\u00b0C<br \/>\n<strong>KUSHTET E KTHIMIT \/ GARANCION:<\/strong>\u00a0P\u00ebr shkak t\u00eb kontaktit me higjien\u00eb personale, p\u00ebr produktet e tekstilit nuk pranohen kthime apo reklamacione.<\/p>\n<p><span style=\"color: #ffffff;\">3907489300218<\/span><\/p>\n","protected":false},"featured_media":66783,"template":"","meta":[],"product_cat":[51,52],"product_tag":[],"_links":{"self":[{"href":"https:\/\/www.comoditahome.com\/al\/wp-json\/wp\/v2\/product\/66782"}],"collection":[{"href":"https:\/\/www.comoditahome.com\/al\/wp-json\/wp\/v2\/product"}],"about":[{"href":"https:\/\/www.comoditahome.com\/al\/wp-json\/wp\/v2\/types\/product"}],"version-history":[{"count":2,"href":"https:\/\/www.comoditahome.com\/al\/wp-json\/wp\/v2\/product\/66782\/revisions"}],"predecessor-version":[{"id":66802,"href":"https:\/\/www.comoditahome.com\/al\/wp-json\/wp\/v2\/product\/66782\/revisions\/66802"}],"wp:featuredmedia":[{"embeddable":true,"href":"https:\/\/www.comoditahome.com\/al\/wp-json\/wp\/v2\/media\/66783"}],"wp:attachment":[{"href":"https:\/\/www.comoditahome.com\/al\/wp-json\/wp\/v2\/media?parent=66782"}],"wp:term":[{"taxonomy":"product_cat","embeddable":true,"href":"https:\/\/www.comoditahome.com\/al\/wp-json\/wp\/v2\/product_cat?post=66782"},{"taxonomy":"product_tag","embeddable":true,"href":"https:\/\/www.comoditahome.com\/al\/wp-json\/wp\/v2\/product_tag?post=66782"}],"curies":[{"name":"wp","href":"https:\/\/api.w.org\/{rel}","templated":true}]}}