 {"id":67161,"date":"2023-05-04T10:20:31","date_gmt":"2023-05-04T08:20:31","guid":{"rendered":"https:\/\/www.comoditahome.com\/al\/?post_type=product&#038;p=67161"},"modified":"2026-04-09T11:55:05","modified_gmt":"2026-04-09T09:55:05","slug":"jastek-gel-saponetta","status":"publish","type":"product","link":"https:\/\/www.comoditahome.com\/al\/product\/jastek-gel-saponetta\/","title":{"rendered":"Jast\u00ebk Gel Saponetta"},"content":{"rendered":"","protected":false},"excerpt":{"rendered":"<div class=\"woocommerce-product-details__short-description\">\n<p style=\"text-align: left;\">Jast\u00ebku Gel Anatomik, ka form\u00ebn saponeta (forma e sapunit) dhe \u00ebsht\u00eb i nd\u00ebrtuar nga shkuma Memory. Ky jast\u00ebk krahas form\u00ebs, materialit dhe p\u00ebrb\u00ebrjes s\u00eb shkum\u00ebs, garanton mb\u00ebshtjetje optimale dhe natyrale t\u00eb kok\u00ebs, qaf\u00ebs dhe fillim shpin\u00ebs tuaj. I p\u00ebrshtatet temperatur\u00ebs s\u00eb trupit tuaj duke siguruar rehati t\u00eb k\u00ebndshme.<\/p>\n<p style=\"text-align: left;\">Duke eliminuar lodhjen, d\u00ebmtimin dhe parehatin\u00eb e shkaktuar nga jast\u00ebk\u00ebt shum\u00eb t\u00eb but\u00eb, t\u00eb fort\u00eb apo fleksibil, ky jast\u00ebk ndihmon trupin t\u00eb hyj\u00eb n\u00eb nj\u00eb gjendje t\u00eb mir\u00eb t\u00eb gjumit shum\u00eb shpejt. Koka dhe qafa e relaksuar mund t\u00eb p\u00ebrmir\u00ebsoj\u00eb paraliz\u00ebn muskulore t\u00eb shkaktuar nga qarkullimi jo i mir\u00eb i gjakut dhe nervat e ngjeshura dhe mund t\u00eb reduktoj\u00eb rrotullimet gjat\u00eb gjumit, duke ju lejuar t\u00eb b\u00ebni nj\u00eb gjum\u00eb t\u00eb qet\u00eb.<\/p>\n<p style=\"text-align: left;\"><strong>Dimensioni \/ Kompozicioni:<\/strong> 60x40x12cm<\/p>\n<p style=\"text-align: left;\"><strong>NGJYRA:<\/strong> Bardh\u00eb dhe blu<\/p>\n<p style=\"text-align: left;\"><strong>MATERIALI:<\/strong> Shkum\u00eb Memory me p\u00ebrmbatje geli<\/p>\n<p style=\"text-align: left;\"><strong>UDH\u00cbZIMET E P\u00cbRDORIMIT:<\/strong> Nuk pastrohet, vet\u00ebm ajroset<\/p>\n<p style=\"text-align: left;\"><strong>KUSHTET E KTHIMIT \/ GARANCION:<\/strong> P\u00ebr shkak t\u00eb kontaktit me higjien\u00eb personale, p\u00ebr produktet e tekstilit nuk pranohen kthime apo reklamacione.<br \/>\n<span style=\"color: #ffffff;\">3907489190024 jastyk jastek jostyk jostak<\/span><\/p>\n<\/div>\n","protected":false},"featured_media":67162,"template":"","meta":[],"product_cat":[51,76],"product_tag":[],"_links":{"self":[{"href":"https:\/\/www.comoditahome.com\/al\/wp-json\/wp\/v2\/product\/67161"}],"collection":[{"href":"https:\/\/www.comoditahome.com\/al\/wp-json\/wp\/v2\/product"}],"about":[{"href":"https:\/\/www.comoditahome.com\/al\/wp-json\/wp\/v2\/types\/product"}],"version-history":[{"count":2,"href":"https:\/\/www.comoditahome.com\/al\/wp-json\/wp\/v2\/product\/67161\/revisions"}],"predecessor-version":[{"id":67169,"href":"https:\/\/www.comoditahome.com\/al\/wp-json\/wp\/v2\/product\/67161\/revisions\/67169"}],"wp:featuredmedia":[{"embeddable":true,"href":"https:\/\/www.comoditahome.com\/al\/wp-json\/wp\/v2\/media\/67162"}],"wp:attachment":[{"href":"https:\/\/www.comoditahome.com\/al\/wp-json\/wp\/v2\/media?parent=67161"}],"wp:term":[{"taxonomy":"product_cat","embeddable":true,"href":"https:\/\/www.comoditahome.com\/al\/wp-json\/wp\/v2\/product_cat?post=67161"},{"taxonomy":"product_tag","embeddable":true,"href":"https:\/\/www.comoditahome.com\/al\/wp-json\/wp\/v2\/product_tag?post=67161"}],"curies":[{"name":"wp","href":"https:\/\/api.w.org\/{rel}","templated":true}]}}