 {"id":67316,"date":"2023-05-25T09:27:36","date_gmt":"2023-05-25T07:27:36","guid":{"rendered":"https:\/\/www.comoditahome.com\/al\/?post_type=product&#038;p=67316"},"modified":"2026-03-02T09:11:44","modified_gmt":"2026-03-02T07:11:44","slug":"set-pjatash-stripe","status":"publish","type":"product","link":"https:\/\/www.comoditahome.com\/al\/product\/set-pjatash-stripe\/","title":{"rendered":"Set pjatash Stripe"},"content":{"rendered":"","protected":false},"excerpt":{"rendered":"<div class=\"woocommerce-product-details__short-description\">\n<p style=\"text-align: left;\">Seti i pjatave Stripe njihet p\u00ebr ngjyra unike, q\u00eb i japin fokus t\u00eb veqant\u00eb ushqimit kur servohet. Ky set \u00ebsht\u00eb i punuar nga porcelani cil\u00ebsor, q\u00eb i b\u00ebn jasht\u00ebzakonisht t\u00eb q\u00ebndrueshme dhe shum\u00eb praktike n\u00eb pastrim. Nj\u00eb set i till\u00eb, u jep madh\u00ebshti prezantimeve tuaja!<\/p>\n<p style=\"text-align: left;\"><strong>Dimensioni \/ Kompozicioni:<\/strong>\u00a0Seti ka 18 pjes\u00eb: 6x pjata p\u00ebr ushqim, 6x pjata p\u00ebr sup\u00eb, 6x pjata p\u00ebr desert<\/p>\n<p style=\"text-align: left;\"><strong>NGJYRA:<\/strong>\u00a0Hiri<\/p>\n<p style=\"text-align: left;\"><strong>MATERIALI:<\/strong>\u00a0Porcelan<\/p>\n<p style=\"text-align: left;\"><strong>UDH\u00cbZIMET E P\u00cbRDORIMIT:<\/strong>\u00a0T\u00eb pastrohen me dor\u00eb<\/p>\n<p style=\"text-align: left;\"><strong>KUSHTET E KTHIMIT \/ GARANCION:<\/strong>\u00a0P\u00ebr k\u00ebt\u00eb produkt pranohet reklamacion brenda 24 or\u00ebve pasi t\u00eb pranoni porosin\u00eb.<br \/>\n<span style=\"color: #ffffff;\">3907489290601<\/span><\/p>\n<\/div>\n","protected":false},"featured_media":67317,"template":"","meta":[],"product_cat":[63,57],"product_tag":[],"_links":{"self":[{"href":"https:\/\/www.comoditahome.com\/al\/wp-json\/wp\/v2\/product\/67316"}],"collection":[{"href":"https:\/\/www.comoditahome.com\/al\/wp-json\/wp\/v2\/product"}],"about":[{"href":"https:\/\/www.comoditahome.com\/al\/wp-json\/wp\/v2\/types\/product"}],"version-history":[{"count":2,"href":"https:\/\/www.comoditahome.com\/al\/wp-json\/wp\/v2\/product\/67316\/revisions"}],"predecessor-version":[{"id":67323,"href":"https:\/\/www.comoditahome.com\/al\/wp-json\/wp\/v2\/product\/67316\/revisions\/67323"}],"wp:featuredmedia":[{"embeddable":true,"href":"https:\/\/www.comoditahome.com\/al\/wp-json\/wp\/v2\/media\/67317"}],"wp:attachment":[{"href":"https:\/\/www.comoditahome.com\/al\/wp-json\/wp\/v2\/media?parent=67316"}],"wp:term":[{"taxonomy":"product_cat","embeddable":true,"href":"https:\/\/www.comoditahome.com\/al\/wp-json\/wp\/v2\/product_cat?post=67316"},{"taxonomy":"product_tag","embeddable":true,"href":"https:\/\/www.comoditahome.com\/al\/wp-json\/wp\/v2\/product_tag?post=67316"}],"curies":[{"name":"wp","href":"https:\/\/api.w.org\/{rel}","templated":true}]}}