 {"id":67345,"date":"2023-05-25T09:37:38","date_gmt":"2023-05-25T07:37:38","guid":{"rendered":"https:\/\/www.comoditahome.com\/al\/?post_type=product&#038;p=67345"},"modified":"2026-04-23T09:00:34","modified_gmt":"2026-04-23T07:00:34","slug":"set-filxhanesh-caji-kiss","status":"publish","type":"product","link":"https:\/\/www.comoditahome.com\/al\/product\/set-filxhanesh-caji-kiss\/","title":{"rendered":"Set filxhan\u00ebsh \u00e7aji Kiss"},"content":{"rendered":"","protected":false},"excerpt":{"rendered":"<div class=\"woocommerce-product-details__short-description\">\n<p style=\"text-align: left;\">Seti i sh\u00ebrbimit t\u00eb \u00e7ajit Kiss, vjen n\u00eb madh\u00ebsi standarde t\u00eb p\u00ebrshtatshme p\u00ebr servimin e \u00e7ajit. Filxhani dhe mbajt\u00ebsja e \u00e7ajit, vijn\u00eb t\u00eb inspiruara nga Gustav Klimt me piktur\u00ebn e famshme The Kiss t\u00eb vitit 1907. Pini \u00e7ajin tuaj t\u00eb zhytur n\u00eb art.<\/p>\n<p style=\"text-align: left;\"><strong>Dimensioni \/ Kompozicioni:<\/strong> Seti ka 4 pjes\u00eb<\/p>\n<p style=\"text-align: left;\"><strong>NGJYRA:<\/strong> Me dizajn<\/p>\n<p style=\"text-align: left;\"><strong>MATERIALI:<\/strong> Porcelan<\/p>\n<p style=\"text-align: left;\"><strong>UDH\u00cbZIMET E P\u00cbRDORIMIT:<\/strong> T\u00eb pastrohet me dor\u00eb ose n\u00eb en\u00eb lar\u00ebse<\/p>\n<p style=\"text-align: left;\"><strong>KUSHTET E KTHIMIT \/ GARANCION:<\/strong> P\u00ebr k\u00ebt\u00eb produkt pranohet reklamacion brenda 24 or\u00ebve pasi t\u00eb pranoni porosin\u00eb.<\/p>\n<p style=\"text-align: left;\"><span style=\"color: #ffffff;\">3907489290557<\/span><\/p>\n<\/div>\n","protected":false},"featured_media":67346,"template":"","meta":[],"product_cat":[61,55,57],"product_tag":[],"_links":{"self":[{"href":"https:\/\/www.comoditahome.com\/al\/wp-json\/wp\/v2\/product\/67345"}],"collection":[{"href":"https:\/\/www.comoditahome.com\/al\/wp-json\/wp\/v2\/product"}],"about":[{"href":"https:\/\/www.comoditahome.com\/al\/wp-json\/wp\/v2\/types\/product"}],"version-history":[{"count":1,"href":"https:\/\/www.comoditahome.com\/al\/wp-json\/wp\/v2\/product\/67345\/revisions"}],"predecessor-version":[{"id":67350,"href":"https:\/\/www.comoditahome.com\/al\/wp-json\/wp\/v2\/product\/67345\/revisions\/67350"}],"wp:featuredmedia":[{"embeddable":true,"href":"https:\/\/www.comoditahome.com\/al\/wp-json\/wp\/v2\/media\/67346"}],"wp:attachment":[{"href":"https:\/\/www.comoditahome.com\/al\/wp-json\/wp\/v2\/media?parent=67345"}],"wp:term":[{"taxonomy":"product_cat","embeddable":true,"href":"https:\/\/www.comoditahome.com\/al\/wp-json\/wp\/v2\/product_cat?post=67345"},{"taxonomy":"product_tag","embeddable":true,"href":"https:\/\/www.comoditahome.com\/al\/wp-json\/wp\/v2\/product_tag?post=67345"}],"curies":[{"name":"wp","href":"https:\/\/api.w.org\/{rel}","templated":true}]}}