 {"id":67392,"date":"2023-07-10T12:14:25","date_gmt":"2023-07-10T10:14:25","guid":{"rendered":"https:\/\/www.comoditahome.com\/al\/?post_type=product&#038;p=67392"},"modified":"2026-04-23T09:00:35","modified_gmt":"2026-04-23T07:00:35","slug":"set-pjatash-silver-line","status":"publish","type":"product","link":"https:\/\/www.comoditahome.com\/al\/product\/set-pjatash-silver-line\/","title":{"rendered":"Set pjatash Silver Line"},"content":{"rendered":"","protected":false},"excerpt":{"rendered":"<div class=\"woocommerce-product-details__short-description\">\n<p style=\"text-align: left;\">Seti i pjatave Silver Line vjen i konturuar n\u00eb form\u00eb t\u00eb rrumbullak\u00ebt, me sip\u00ebrfaqe t\u00eb hijeshuar nga ngjyra e bardh\u00eb neutrale dhe preciziteti i thell\u00ebsis\u00eb dhe shesht\u00ebsis\u00eb s\u00eb duhur. K\u00ebto pjata kan\u00eb materialin cil\u00ebsor t\u00eb porcelanit dhe dizajn klasik q\u00eb i reziston viteve. Ky set \u00ebsht\u00eb i punuar nga materiali i porcelanit cil\u00ebsor, q\u00eb i b\u00ebn jasht\u00ebzakonisht t\u00eb q\u00ebndrueshme dhe shum\u00eb praktike n\u00eb pastrim.<\/p>\n<p style=\"text-align: left;\"><strong>Dimensioni \/ Kompozicioni:<\/strong>\u00a0Seti ka 31 pjes\u00eb: 6x pjata p\u00ebr ushqim, 6x pjata t\u00eb thella, 6x pjata p\u00ebr desert, 1x pjat\u00eb e thell\u00eb p\u00ebr sallat\u00eb, 6x filxhan\u00eb, 6x pjat\u00ebza.<\/p>\n<p style=\"text-align: left;\"><strong>NGJYRA:<\/strong>\u00a0Me dizajn<\/p>\n<p style=\"text-align: left;\"><strong>MATERIALI:<\/strong> Porcelan<\/p>\n<p style=\"text-align: left;\"><strong>UDH\u00cbZIMET E P\u00cbRDORIMIT:<\/strong>\u00a0T\u00eb pastrohet me dor\u00eb<\/p>\n<p style=\"text-align: left;\"><strong>KUSHTET E KTHIMIT \/ GARANCION:<\/strong>\u00a0P\u00ebr k\u00ebt\u00eb produkt pranohet reklamacion brenda 24 or\u00ebve pasi t\u00eb pranoni porosin\u00eb.<br \/>\n<span style=\"color: #ffffff;\">5310233001435<\/span><\/p>\n<\/div>\n","protected":false},"featured_media":67393,"template":"","meta":[],"product_cat":[63,57],"product_tag":[],"_links":{"self":[{"href":"https:\/\/www.comoditahome.com\/al\/wp-json\/wp\/v2\/product\/67392"}],"collection":[{"href":"https:\/\/www.comoditahome.com\/al\/wp-json\/wp\/v2\/product"}],"about":[{"href":"https:\/\/www.comoditahome.com\/al\/wp-json\/wp\/v2\/types\/product"}],"version-history":[{"count":3,"href":"https:\/\/www.comoditahome.com\/al\/wp-json\/wp\/v2\/product\/67392\/revisions"}],"predecessor-version":[{"id":68280,"href":"https:\/\/www.comoditahome.com\/al\/wp-json\/wp\/v2\/product\/67392\/revisions\/68280"}],"wp:featuredmedia":[{"embeddable":true,"href":"https:\/\/www.comoditahome.com\/al\/wp-json\/wp\/v2\/media\/67393"}],"wp:attachment":[{"href":"https:\/\/www.comoditahome.com\/al\/wp-json\/wp\/v2\/media?parent=67392"}],"wp:term":[{"taxonomy":"product_cat","embeddable":true,"href":"https:\/\/www.comoditahome.com\/al\/wp-json\/wp\/v2\/product_cat?post=67392"},{"taxonomy":"product_tag","embeddable":true,"href":"https:\/\/www.comoditahome.com\/al\/wp-json\/wp\/v2\/product_tag?post=67392"}],"curies":[{"name":"wp","href":"https:\/\/api.w.org\/{rel}","templated":true}]}}