 {"id":67402,"date":"2024-07-10T12:16:07","date_gmt":"2024-07-10T10:16:07","guid":{"rendered":"https:\/\/www.comoditahome.com\/al\/?post_type=product&#038;p=67402"},"modified":"2026-03-02T09:11:45","modified_gmt":"2026-03-02T07:11:45","slug":"set-pjatash-blue-leaf","status":"publish","type":"product","link":"https:\/\/www.comoditahome.com\/al\/product\/set-pjatash-blue-leaf\/","title":{"rendered":"Set pjatash Blue Leaf"},"content":{"rendered":"","protected":false},"excerpt":{"rendered":"<div class=\"woocommerce-product-details__short-description\">\n<p style=\"text-align: left;\">Seti i pjatave Blue Leaf vjen i konturuar n\u00eb form\u00eb t\u00eb rrumbullak\u00ebt, me sip\u00ebrfaqe t\u00eb hijeshuar nga simetria e ngjyrave dhe preciziteti i thell\u00ebsis\u00eb dhe shesht\u00ebsis\u00eb s\u00eb duhur. K\u00ebto pjata kan\u00eb materialin cil\u00ebsor t\u00eb porcelanit dhe dizajn t\u00eb frym\u00ebzuar nga ngjyrat q\u00eb prezantojn\u00eb gjelb\u00ebrimin, jet\u00ebn dhe gjall\u00ebrin\u00eb frym\u00ebzuese. Ky set \u00ebsht\u00eb i punuar nga materiali i porcelanit cil\u00ebsor, q\u00eb i b\u00ebn jasht\u00ebzakonisht t\u00eb q\u00ebndrueshme dhe shum\u00eb praktike n\u00eb pastrim.<\/p>\n<p style=\"text-align: left;\"><strong>Dimensioni \/ Kompozicioni:<\/strong>\u00a0Seti ka 31 pjes\u00eb: 6x pjata p\u00ebr ushqim, 6x pjata t\u00eb thella, 6x pjata p\u00ebr desert, 1x pjat\u00eb e thell\u00eb p\u00ebr sallat\u00eb, 6x filxhan\u00eb, 6x pjat\u00ebza.<\/p>\n<p style=\"text-align: left;\"><strong>NGJYRA:<\/strong>\u00a0Me dizajn<\/p>\n<p style=\"text-align: left;\"><strong>MATERIALI:<\/strong>\u00a0Bone Porcelan<\/p>\n<p style=\"text-align: left;\"><strong>UDH\u00cbZIMET E P\u00cbRDORIMIT:<\/strong>\u00a0T\u00eb pastrohet me dor\u00eb<\/p>\n<p style=\"text-align: left;\"><strong>KUSHTET E KTHIMIT \/ GARANCION:<\/strong>\u00a0P\u00ebr k\u00ebt\u00eb produkt pranohet reklamacion brenda 24 or\u00ebve pasi t\u00eb pranoni porosin\u00eb.<br \/>\n<span style=\"color: #ffffff;\">5310233001404<\/span><\/p>\n<\/div>\n","protected":false},"featured_media":67403,"template":"","meta":[],"product_cat":[63,57],"product_tag":[],"_links":{"self":[{"href":"https:\/\/www.comoditahome.com\/al\/wp-json\/wp\/v2\/product\/67402"}],"collection":[{"href":"https:\/\/www.comoditahome.com\/al\/wp-json\/wp\/v2\/product"}],"about":[{"href":"https:\/\/www.comoditahome.com\/al\/wp-json\/wp\/v2\/types\/product"}],"version-history":[{"count":4,"href":"https:\/\/www.comoditahome.com\/al\/wp-json\/wp\/v2\/product\/67402\/revisions"}],"predecessor-version":[{"id":68279,"href":"https:\/\/www.comoditahome.com\/al\/wp-json\/wp\/v2\/product\/67402\/revisions\/68279"}],"wp:featuredmedia":[{"embeddable":true,"href":"https:\/\/www.comoditahome.com\/al\/wp-json\/wp\/v2\/media\/67403"}],"wp:attachment":[{"href":"https:\/\/www.comoditahome.com\/al\/wp-json\/wp\/v2\/media?parent=67402"}],"wp:term":[{"taxonomy":"product_cat","embeddable":true,"href":"https:\/\/www.comoditahome.com\/al\/wp-json\/wp\/v2\/product_cat?post=67402"},{"taxonomy":"product_tag","embeddable":true,"href":"https:\/\/www.comoditahome.com\/al\/wp-json\/wp\/v2\/product_tag?post=67402"}],"curies":[{"name":"wp","href":"https:\/\/api.w.org\/{rel}","templated":true}]}}