 {"id":67577,"date":"2021-06-12T11:11:52","date_gmt":"2021-06-12T09:11:52","guid":{"rendered":"https:\/\/www.comoditahome.com\/al\/?post_type=product&#038;p=67577"},"modified":"2026-04-23T09:00:35","modified_gmt":"2026-04-23T07:00:35","slug":"ulese-ne-forme-rrethore","status":"publish","type":"product","link":"https:\/\/www.comoditahome.com\/al\/product\/ulese-ne-forme-rrethore\/","title":{"rendered":"Ul\u00ebse n\u00eb form\u00eb rrethore"},"content":{"rendered":"","protected":false},"excerpt":{"rendered":"<p style=\"text-align: left;\">Ul\u00ebse e qepur n\u00eb form\u00eb rrumbullake, e p\u00ebrshtatshme p\u00ebr t\u2019u p\u00ebrdorur si shilte apo ul\u00ebse dekorative. Njihet p\u00ebr kualitet t\u00eb lart\u00eb dhe trash\u00ebsi optimale. Dizajni i k\u00ebsaj ul\u00ebse ka form\u00eb t\u00eb rrumbullak\u00ebt me nj\u00eb qepje n\u00eb qend\u00ebr duke ofruar k\u00ebshtu komoditet t\u00eb pakrahasuesh\u00ebm.<br \/>\n<strong>Dimensioni \/ Kompozicioni:<\/strong> 68x10cm<br \/>\n<strong>NGJYRA:<\/strong> Ngjyra mund t\u00eb jet\u00eb e llojllojshme<br \/>\n<strong>MATERIALI:<\/strong> Memory<br \/>\n<strong>UDH\u00cbZIMET E P\u00cbRDORIMIT:<\/strong> Mund t\u00eb lahet vet\u00ebm mb\u00ebshtjell\u00ebsi i jasht\u00ebm<br \/>\n<strong>KUSHTET E KTHIMIT \/ GARANCION:<\/strong> P\u00ebr k\u00ebt\u00eb produkt pranohet reklamacion brenda 24 or\u00ebve pasi t\u00eb pranoni porosin\u00eb.<\/p>\n<p style=\"text-align: left;\"><span style=\"color: #ffffff;\">83<\/span><\/p>\n","protected":false},"featured_media":67579,"template":"","meta":[],"product_cat":[15,49,100],"product_tag":[],"_links":{"self":[{"href":"https:\/\/www.comoditahome.com\/al\/wp-json\/wp\/v2\/product\/67577"}],"collection":[{"href":"https:\/\/www.comoditahome.com\/al\/wp-json\/wp\/v2\/product"}],"about":[{"href":"https:\/\/www.comoditahome.com\/al\/wp-json\/wp\/v2\/types\/product"}],"version-history":[{"count":3,"href":"https:\/\/www.comoditahome.com\/al\/wp-json\/wp\/v2\/product\/67577\/revisions"}],"predecessor-version":[{"id":67584,"href":"https:\/\/www.comoditahome.com\/al\/wp-json\/wp\/v2\/product\/67577\/revisions\/67584"}],"wp:featuredmedia":[{"embeddable":true,"href":"https:\/\/www.comoditahome.com\/al\/wp-json\/wp\/v2\/media\/67579"}],"wp:attachment":[{"href":"https:\/\/www.comoditahome.com\/al\/wp-json\/wp\/v2\/media?parent=67577"}],"wp:term":[{"taxonomy":"product_cat","embeddable":true,"href":"https:\/\/www.comoditahome.com\/al\/wp-json\/wp\/v2\/product_cat?post=67577"},{"taxonomy":"product_tag","embeddable":true,"href":"https:\/\/www.comoditahome.com\/al\/wp-json\/wp\/v2\/product_tag?post=67577"}],"curies":[{"name":"wp","href":"https:\/\/api.w.org\/{rel}","templated":true}]}}